{"id":4911,"date":"2023-09-03T12:03:50","date_gmt":"2023-09-03T10:03:50","guid":{"rendered":"https:\/\/www.stenlunden.com\/?post_type=product&#038;p=4911"},"modified":"2025-05-27T11:25:24","modified_gmt":"2025-05-27T09:25:24","slug":"brod-hovdinge","status":"publish","type":"product","link":"https:\/\/www.stenlunden.com\/?product=brod-hovdinge","title":{"rendered":"Br\u00f6d Hovdinge"},"content":{"rendered":"<p>Virvlat eko fullkornsdinkelmj\u00f6l, eko siktat dinkelmj\u00f6l, surdeg och oraffinerat havssalt. 800 g<\/p>\n","protected":false},"excerpt":{"rendered":"<p>Virvlat eko fullkornsdinkelmj\u00f6l, eko siktat dinkelmj\u00f6l, surdeg och oraffinerat havssalt. 800 g<\/p>\n","protected":false},"featured_media":5083,"comment_status":"open","ping_status":"closed","template":"","meta":{"_uag_custom_page_level_css":"","site-sidebar-layout":"default","site-content-layout":"","ast-site-content-layout":"default","site-content-style":"default","site-sidebar-style":"default","ast-global-header-display":"","ast-banner-title-visibility":"","ast-main-header-display":"","ast-hfb-above-header-display":"","ast-hfb-below-header-display":"","ast-hfb-mobile-header-display":"","site-post-title":"","ast-breadcrumbs-content":"","ast-featured-img":"","footer-sml-layout":"","theme-transparent-header-meta":"default","adv-header-id-meta":"","stick-header-meta":"","header-above-stick-meta":"","header-main-stick-meta":"","header-below-stick-meta":"","astra-migrate-meta-layouts":"set"},"product_cat":[59],"product_tag":[],"class_list":{"0":"post-4911","1":"product","2":"type-product","3":"status-publish","4":"has-post-thumbnail","6":"product_cat-surdegsbrod","7":"desktop-align-left","8":"tablet-align-left","9":"mobile-align-left","11":"first","12":"instock","13":"taxable","14":"shipping-taxable","15":"purchasable","16":"product-type-simple"},"yoast_head":"<!-- This site is optimized with the Yoast SEO plugin v21.0 - https:\/\/yoast.com\/wordpress\/plugins\/seo\/ -->\n<title>Br\u00f6d Hovdinge - Stenlunden Hantverksbageri<\/title>\n<meta name=\"robots\" content=\"index, follow, max-snippet:-1, max-image-preview:large, max-video-preview:-1\" \/>\n<link rel=\"canonical\" href=\"https:\/\/www.stenlunden.com\/?product=brod-hovdinge\" \/>\n<meta property=\"og:locale\" content=\"sv_SE\" \/>\n<meta property=\"og:type\" content=\"article\" \/>\n<meta property=\"og:title\" content=\"Br\u00f6d Hovdinge - Stenlunden Hantverksbageri\" \/>\n<meta property=\"og:description\" content=\"Virvlat eko fullkornsdinkelmj\u00f6l, eko siktat dinkelmj\u00f6l, surdeg och oraffinerat havssalt. 800 g\" \/>\n<meta property=\"og:url\" content=\"https:\/\/www.stenlunden.com\/?product=brod-hovdinge\" \/>\n<meta property=\"og:site_name\" content=\"Stenlunden Hantverksbageri\" \/>\n<meta property=\"article:modified_time\" content=\"2025-05-27T09:25:24+00:00\" \/>\n<meta property=\"og:image\" content=\"https:\/\/www.stenlunden.com\/wp-content\/uploads\/2023\/09\/IMG_20220228_213639_810.jpg\" \/>\n\t<meta property=\"og:image:width\" content=\"1816\" \/>\n\t<meta property=\"og:image:height\" content=\"1959\" \/>\n\t<meta property=\"og:image:type\" content=\"image\/jpeg\" \/>\n<meta name=\"twitter:card\" content=\"summary_large_image\" \/>\n<script type=\"application\/ld+json\" class=\"yoast-schema-graph\">{\"@context\":\"https:\/\/schema.org\",\"@graph\":[{\"@type\":\"WebPage\",\"@id\":\"https:\/\/www.stenlunden.com\/?product=brod-hovdinge\",\"url\":\"https:\/\/www.stenlunden.com\/?product=brod-hovdinge\",\"name\":\"Br\u00f6d Hovdinge - Stenlunden Hantverksbageri\",\"isPartOf\":{\"@id\":\"https:\/\/www.stenlunden.com\/#website\"},\"datePublished\":\"2023-09-03T10:03:50+00:00\",\"dateModified\":\"2025-05-27T09:25:24+00:00\",\"breadcrumb\":{\"@id\":\"https:\/\/www.stenlunden.com\/?product=brod-hovdinge#breadcrumb\"},\"inLanguage\":\"sv-SE\",\"potentialAction\":[{\"@type\":\"ReadAction\",\"target\":[\"https:\/\/www.stenlunden.com\/?product=brod-hovdinge\"]}]},{\"@type\":\"BreadcrumbList\",\"@id\":\"https:\/\/www.stenlunden.com\/?product=brod-hovdinge#breadcrumb\",\"itemListElement\":[{\"@type\":\"ListItem\",\"position\":1,\"name\":\"Produkter\",\"item\":\"https:\/\/www.stenlunden.com\/?post_type=product\"},{\"@type\":\"ListItem\",\"position\":2,\"name\":\"Br\u00f6d Hovdinge\"}]},{\"@type\":\"WebSite\",\"@id\":\"https:\/\/www.stenlunden.com\/#website\",\"url\":\"https:\/\/www.stenlunden.com\/\",\"name\":\"Stenlunden Hantverksbageri\",\"description\":\"Hantverksbageri i Sm\u00e5land\",\"publisher\":{\"@id\":\"https:\/\/www.stenlunden.com\/#organization\"},\"potentialAction\":[{\"@type\":\"SearchAction\",\"target\":{\"@type\":\"EntryPoint\",\"urlTemplate\":\"https:\/\/www.stenlunden.com\/?s={search_term_string}\"},\"query-input\":\"required name=search_term_string\"}],\"inLanguage\":\"sv-SE\"},{\"@type\":\"Organization\",\"@id\":\"https:\/\/www.stenlunden.com\/#organization\",\"name\":\"Stenlunden Hantverksbageri\",\"url\":\"https:\/\/www.stenlunden.com\/\",\"logo\":{\"@type\":\"ImageObject\",\"inLanguage\":\"sv-SE\",\"@id\":\"https:\/\/www.stenlunden.com\/#\/schema\/logo\/image\/\",\"url\":\"https:\/\/www.stenlunden.com\/wp-content\/uploads\/2023\/10\/cropped-Logotyp.png\",\"contentUrl\":\"https:\/\/www.stenlunden.com\/wp-content\/uploads\/2023\/10\/cropped-Logotyp.png\",\"width\":563,\"height\":394,\"caption\":\"Stenlunden Hantverksbageri\"},\"image\":{\"@id\":\"https:\/\/www.stenlunden.com\/#\/schema\/logo\/image\/\"}}]}<\/script>\n<!-- \/ Yoast SEO plugin. -->","yoast_head_json":{"title":"Br\u00f6d Hovdinge - Stenlunden Hantverksbageri","robots":{"index":"index","follow":"follow","max-snippet":"max-snippet:-1","max-image-preview":"max-image-preview:large","max-video-preview":"max-video-preview:-1"},"canonical":"https:\/\/www.stenlunden.com\/?product=brod-hovdinge","og_locale":"sv_SE","og_type":"article","og_title":"Br\u00f6d Hovdinge - Stenlunden Hantverksbageri","og_description":"Virvlat eko fullkornsdinkelmj\u00f6l, eko siktat dinkelmj\u00f6l, surdeg och oraffinerat havssalt. 800 g","og_url":"https:\/\/www.stenlunden.com\/?product=brod-hovdinge","og_site_name":"Stenlunden Hantverksbageri","article_modified_time":"2025-05-27T09:25:24+00:00","og_image":[{"width":1816,"height":1959,"url":"https:\/\/www.stenlunden.com\/wp-content\/uploads\/2023\/09\/IMG_20220228_213639_810.jpg","type":"image\/jpeg"}],"twitter_card":"summary_large_image","schema":{"@context":"https:\/\/schema.org","@graph":[{"@type":"WebPage","@id":"https:\/\/www.stenlunden.com\/?product=brod-hovdinge","url":"https:\/\/www.stenlunden.com\/?product=brod-hovdinge","name":"Br\u00f6d Hovdinge - Stenlunden Hantverksbageri","isPartOf":{"@id":"https:\/\/www.stenlunden.com\/#website"},"datePublished":"2023-09-03T10:03:50+00:00","dateModified":"2025-05-27T09:25:24+00:00","breadcrumb":{"@id":"https:\/\/www.stenlunden.com\/?product=brod-hovdinge#breadcrumb"},"inLanguage":"sv-SE","potentialAction":[{"@type":"ReadAction","target":["https:\/\/www.stenlunden.com\/?product=brod-hovdinge"]}]},{"@type":"BreadcrumbList","@id":"https:\/\/www.stenlunden.com\/?product=brod-hovdinge#breadcrumb","itemListElement":[{"@type":"ListItem","position":1,"name":"Produkter","item":"https:\/\/www.stenlunden.com\/?post_type=product"},{"@type":"ListItem","position":2,"name":"Br\u00f6d Hovdinge"}]},{"@type":"WebSite","@id":"https:\/\/www.stenlunden.com\/#website","url":"https:\/\/www.stenlunden.com\/","name":"Stenlunden Hantverksbageri","description":"Hantverksbageri i Sm\u00e5land","publisher":{"@id":"https:\/\/www.stenlunden.com\/#organization"},"potentialAction":[{"@type":"SearchAction","target":{"@type":"EntryPoint","urlTemplate":"https:\/\/www.stenlunden.com\/?s={search_term_string}"},"query-input":"required name=search_term_string"}],"inLanguage":"sv-SE"},{"@type":"Organization","@id":"https:\/\/www.stenlunden.com\/#organization","name":"Stenlunden Hantverksbageri","url":"https:\/\/www.stenlunden.com\/","logo":{"@type":"ImageObject","inLanguage":"sv-SE","@id":"https:\/\/www.stenlunden.com\/#\/schema\/logo\/image\/","url":"https:\/\/www.stenlunden.com\/wp-content\/uploads\/2023\/10\/cropped-Logotyp.png","contentUrl":"https:\/\/www.stenlunden.com\/wp-content\/uploads\/2023\/10\/cropped-Logotyp.png","width":563,"height":394,"caption":"Stenlunden Hantverksbageri"},"image":{"@id":"https:\/\/www.stenlunden.com\/#\/schema\/logo\/image\/"}}]}},"uagb_featured_image_src":{"full":["https:\/\/www.stenlunden.com\/wp-content\/uploads\/2023\/09\/IMG_20220228_213639_810.jpg",1816,1959,false],"thumbnail":["https:\/\/www.stenlunden.com\/wp-content\/uploads\/2023\/09\/IMG_20220228_213639_810-150x150.jpg",150,150,true],"medium":["https:\/\/www.stenlunden.com\/wp-content\/uploads\/2023\/09\/IMG_20220228_213639_810-278x300.jpg",278,300,true],"medium_large":["https:\/\/www.stenlunden.com\/wp-content\/uploads\/2023\/09\/IMG_20220228_213639_810-768x828.jpg",768,828,true],"large":["https:\/\/www.stenlunden.com\/wp-content\/uploads\/2023\/09\/IMG_20220228_213639_810-949x1024.jpg",949,1024,true],"1536x1536":["https:\/\/www.stenlunden.com\/wp-content\/uploads\/2023\/09\/IMG_20220228_213639_810-1424x1536.jpg",1424,1536,true],"2048x2048":["https:\/\/www.stenlunden.com\/wp-content\/uploads\/2023\/09\/IMG_20220228_213639_810.jpg",1816,1959,false],"woocommerce_thumbnail":["https:\/\/www.stenlunden.com\/wp-content\/uploads\/2023\/09\/IMG_20220228_213639_810-300x300.jpg",300,300,true],"woocommerce_single":["https:\/\/www.stenlunden.com\/wp-content\/uploads\/2023\/09\/IMG_20220228_213639_810-600x647.jpg",600,647,true],"woocommerce_gallery_thumbnail":["https:\/\/www.stenlunden.com\/wp-content\/uploads\/2023\/09\/IMG_20220228_213639_810-100x100.jpg",100,100,true]},"uagb_author_info":{"display_name":"Emelie Keynemo","author_link":"https:\/\/www.stenlunden.com\/?author=0"},"uagb_comment_info":3,"uagb_excerpt":"Virvlat eko fullkornsdinkelmj\u00f6l, eko siktat dinkelmj\u00f6l, surdeg och oraffinerat havssalt. 800 g","_links":{"self":[{"href":"https:\/\/www.stenlunden.com\/index.php?rest_route=\/wp\/v2\/product\/4911","targetHints":{"allow":["GET"]}}],"collection":[{"href":"https:\/\/www.stenlunden.com\/index.php?rest_route=\/wp\/v2\/product"}],"about":[{"href":"https:\/\/www.stenlunden.com\/index.php?rest_route=\/wp\/v2\/types\/product"}],"replies":[{"embeddable":true,"href":"https:\/\/www.stenlunden.com\/index.php?rest_route=%2Fwp%2Fv2%2Fcomments&post=4911"}],"version-history":[{"count":5,"href":"https:\/\/www.stenlunden.com\/index.php?rest_route=\/wp\/v2\/product\/4911\/revisions"}],"predecessor-version":[{"id":7223,"href":"https:\/\/www.stenlunden.com\/index.php?rest_route=\/wp\/v2\/product\/4911\/revisions\/7223"}],"wp:featuredmedia":[{"embeddable":true,"href":"https:\/\/www.stenlunden.com\/index.php?rest_route=\/wp\/v2\/media\/5083"}],"wp:attachment":[{"href":"https:\/\/www.stenlunden.com\/index.php?rest_route=%2Fwp%2Fv2%2Fmedia&parent=4911"}],"wp:term":[{"taxonomy":"product_cat","embeddable":true,"href":"https:\/\/www.stenlunden.com\/index.php?rest_route=%2Fwp%2Fv2%2Fproduct_cat&post=4911"},{"taxonomy":"product_tag","embeddable":true,"href":"https:\/\/www.stenlunden.com\/index.php?rest_route=%2Fwp%2Fv2%2Fproduct_tag&post=4911"}],"curies":[{"name":"wp","href":"https:\/\/api.w.org\/{rel}","templated":true}]}}