{"id":6276,"date":"2023-09-28T15:50:18","date_gmt":"2023-09-28T13:50:18","guid":{"rendered":"https:\/\/www.stenlunden.com\/?post_type=product&#038;p=6276"},"modified":"2023-10-11T11:16:37","modified_gmt":"2023-10-11T09:16:37","slug":"afternoon-tea","status":"publish","type":"product","link":"https:\/\/www.stenlunden.com\/?product=afternoon-tea","title":{"rendered":"Afternoon tea m\u00e5n-tors, 11 stycken eller fler"},"content":{"rendered":"<div class=\"elementor-element elementor-element-b297bce elementor-widget elementor-widget-heading\" data-id=\"b297bce\" data-element_type=\"widget\" data-widget_type=\"heading.default\">\n<div class=\"elementor-widget-container\">\n<h2 class=\"elementor-heading-title elementor-size-default\">Stenlunden har tagit afternoon tea till en helt annan niv\u00e5.<\/h2>\n<\/div>\n<\/div>\n<div class=\"elementor-element elementor-element-e27bc76 elementor-widget elementor-widget-text-editor\" data-id=\"e27bc76\" data-element_type=\"widget\" data-widget_type=\"text-editor.default\">\n<div class=\"elementor-widget-container\">\n<p>Afternoon tea med sl\u00e4kt\/v\u00e4nner eller\/och jobbarkompisar, d\u00e4r man inte f\u00e5r v\u00e5ningsfat vid bordet utan en hel buff\u00e9.\u00a0 Snittar av alla dess slag, scones p\u00e5 enkornsmj\u00f6l, f\u00e4rskost fr\u00e5n solmarka g\u00e5rd och olika hemgjorda marmelader, ostpaj med ost fr\u00e5n almn\u00e4sbruk, och olika desserter \u00e4r bara f\u00f6rnamnet.<\/p>\n<p>ALLT G\u00d6RS EFTER S\u00c4SONG\u00a0 &amp; FANTASI.<\/p>\n<\/div>\n<\/div>\n","protected":false},"excerpt":{"rendered":"<p>Stenlunden har tagit afternoon tea till en helt annan niv\u00e5. Afternoon tea med sl\u00e4kt\/v\u00e4nner eller\/och jobbarkompisar, d\u00e4r man inte f\u00e5r v\u00e5ningsfat vid bordet utan en hel buff\u00e9.\u00a0 Snittar av alla dess slag, scones p\u00e5 enkornsmj\u00f6l, f\u00e4rskost fr\u00e5n solmarka g\u00e5rd och olika hemgjorda marmelader, ostpaj med ost fr\u00e5n almn\u00e4sbruk, och olika desserter \u00e4r bara f\u00f6rnamnet. ALLT &hellip;<\/p>\n<p class=\"read-more\"> <a class=\"\" href=\"https:\/\/www.stenlunden.com\/?product=afternoon-tea\"> <span class=\"screen-reader-text\">Afternoon tea m\u00e5n-tors, 11 stycken eller fler<\/span> L\u00e4s mer &raquo;<\/a><\/p>\n","protected":false},"featured_media":6244,"comment_status":"open","ping_status":"closed","template":"","meta":{"_uag_custom_page_level_css":"","site-sidebar-layout":"default","site-content-layout":"","ast-site-content-layout":"default","site-content-style":"default","site-sidebar-style":"default","ast-global-header-display":"","ast-banner-title-visibility":"","ast-main-header-display":"","ast-hfb-above-header-display":"","ast-hfb-below-header-display":"","ast-hfb-mobile-header-display":"","site-post-title":"","ast-breadcrumbs-content":"","ast-featured-img":"","footer-sml-layout":"","theme-transparent-header-meta":"default","adv-header-id-meta":"","stick-header-meta":"","header-above-stick-meta":"","header-main-stick-meta":"","header-below-stick-meta":"","astra-migrate-meta-layouts":"set"},"product_cat":[78],"product_tag":[],"class_list":{"0":"post-6276","1":"product","2":"type-product","3":"status-publish","4":"has-post-thumbnail","6":"product_cat-event","7":"desktop-align-left","8":"tablet-align-left","9":"mobile-align-left","11":"first","12":"instock","13":"taxable","14":"shipping-taxable","15":"purchasable","16":"product-type-simple"},"yoast_head":"<!-- This site is optimized with the Yoast SEO plugin v21.0 - https:\/\/yoast.com\/wordpress\/plugins\/seo\/ -->\n<title>Afternoon tea m\u00e5n-tors, 11 stycken eller fler - Stenlunden Hantverksbageri<\/title>\n<meta name=\"robots\" content=\"index, follow, max-snippet:-1, max-image-preview:large, max-video-preview:-1\" \/>\n<link rel=\"canonical\" href=\"https:\/\/www.stenlunden.com\/?product=afternoon-tea\" \/>\n<meta property=\"og:locale\" content=\"sv_SE\" \/>\n<meta property=\"og:type\" content=\"article\" \/>\n<meta property=\"og:title\" content=\"Afternoon tea m\u00e5n-tors, 11 stycken eller fler - Stenlunden Hantverksbageri\" \/>\n<meta property=\"og:description\" content=\"Stenlunden har tagit afternoon tea till en helt annan niv\u00e5. Afternoon tea med sl\u00e4kt\/v\u00e4nner eller\/och jobbarkompisar, d\u00e4r man inte f\u00e5r v\u00e5ningsfat vid bordet utan en hel buff\u00e9.\u00a0 Snittar av alla dess slag, scones p\u00e5 enkornsmj\u00f6l, f\u00e4rskost fr\u00e5n solmarka g\u00e5rd och olika hemgjorda marmelader, ostpaj med ost fr\u00e5n almn\u00e4sbruk, och olika desserter \u00e4r bara f\u00f6rnamnet. ALLT &hellip; Afternoon tea m\u00e5n-tors, 11 stycken eller fler L\u00e4s mer &raquo;\" \/>\n<meta property=\"og:url\" content=\"https:\/\/www.stenlunden.com\/?product=afternoon-tea\" \/>\n<meta property=\"og:site_name\" content=\"Stenlunden Hantverksbageri\" \/>\n<meta property=\"article:modified_time\" content=\"2023-10-11T09:16:37+00:00\" \/>\n<meta property=\"og:image\" content=\"https:\/\/www.stenlunden.com\/wp-content\/uploads\/2023\/09\/IMG_20230306_204036_8611.jpg\" \/>\n\t<meta property=\"og:image:width\" content=\"750\" \/>\n\t<meta property=\"og:image:height\" content=\"937\" \/>\n\t<meta property=\"og:image:type\" content=\"image\/jpeg\" \/>\n<meta name=\"twitter:card\" content=\"summary_large_image\" \/>\n<meta name=\"twitter:label1\" content=\"Ber\u00e4knad l\u00e4stid\" \/>\n\t<meta name=\"twitter:data1\" content=\"1 minut\" \/>\n<script type=\"application\/ld+json\" class=\"yoast-schema-graph\">{\"@context\":\"https:\/\/schema.org\",\"@graph\":[{\"@type\":\"WebPage\",\"@id\":\"https:\/\/www.stenlunden.com\/?product=afternoon-tea\",\"url\":\"https:\/\/www.stenlunden.com\/?product=afternoon-tea\",\"name\":\"Afternoon tea m\u00e5n-tors, 11 stycken eller fler - Stenlunden Hantverksbageri\",\"isPartOf\":{\"@id\":\"https:\/\/www.stenlunden.com\/#website\"},\"datePublished\":\"2023-09-28T13:50:18+00:00\",\"dateModified\":\"2023-10-11T09:16:37+00:00\",\"breadcrumb\":{\"@id\":\"https:\/\/www.stenlunden.com\/?product=afternoon-tea#breadcrumb\"},\"inLanguage\":\"sv-SE\",\"potentialAction\":[{\"@type\":\"ReadAction\",\"target\":[\"https:\/\/www.stenlunden.com\/?product=afternoon-tea\"]}]},{\"@type\":\"BreadcrumbList\",\"@id\":\"https:\/\/www.stenlunden.com\/?product=afternoon-tea#breadcrumb\",\"itemListElement\":[{\"@type\":\"ListItem\",\"position\":1,\"name\":\"Produkter\",\"item\":\"https:\/\/www.stenlunden.com\/?post_type=product\"},{\"@type\":\"ListItem\",\"position\":2,\"name\":\"Afternoon tea m\u00e5n-tors, 11 stycken eller fler\"}]},{\"@type\":\"WebSite\",\"@id\":\"https:\/\/www.stenlunden.com\/#website\",\"url\":\"https:\/\/www.stenlunden.com\/\",\"name\":\"Stenlunden Hantverksbageri\",\"description\":\"Hantverksbageri i Sm\u00e5land\",\"publisher\":{\"@id\":\"https:\/\/www.stenlunden.com\/#organization\"},\"potentialAction\":[{\"@type\":\"SearchAction\",\"target\":{\"@type\":\"EntryPoint\",\"urlTemplate\":\"https:\/\/www.stenlunden.com\/?s={search_term_string}\"},\"query-input\":\"required name=search_term_string\"}],\"inLanguage\":\"sv-SE\"},{\"@type\":\"Organization\",\"@id\":\"https:\/\/www.stenlunden.com\/#organization\",\"name\":\"Stenlunden Hantverksbageri\",\"url\":\"https:\/\/www.stenlunden.com\/\",\"logo\":{\"@type\":\"ImageObject\",\"inLanguage\":\"sv-SE\",\"@id\":\"https:\/\/www.stenlunden.com\/#\/schema\/logo\/image\/\",\"url\":\"https:\/\/www.stenlunden.com\/wp-content\/uploads\/2023\/10\/cropped-Logotyp.png\",\"contentUrl\":\"https:\/\/www.stenlunden.com\/wp-content\/uploads\/2023\/10\/cropped-Logotyp.png\",\"width\":563,\"height\":394,\"caption\":\"Stenlunden Hantverksbageri\"},\"image\":{\"@id\":\"https:\/\/www.stenlunden.com\/#\/schema\/logo\/image\/\"}}]}<\/script>\n<!-- \/ Yoast SEO plugin. -->","yoast_head_json":{"title":"Afternoon tea m\u00e5n-tors, 11 stycken eller fler - Stenlunden Hantverksbageri","robots":{"index":"index","follow":"follow","max-snippet":"max-snippet:-1","max-image-preview":"max-image-preview:large","max-video-preview":"max-video-preview:-1"},"canonical":"https:\/\/www.stenlunden.com\/?product=afternoon-tea","og_locale":"sv_SE","og_type":"article","og_title":"Afternoon tea m\u00e5n-tors, 11 stycken eller fler - Stenlunden Hantverksbageri","og_description":"Stenlunden har tagit afternoon tea till en helt annan niv\u00e5. Afternoon tea med sl\u00e4kt\/v\u00e4nner eller\/och jobbarkompisar, d\u00e4r man inte f\u00e5r v\u00e5ningsfat vid bordet utan en hel buff\u00e9.\u00a0 Snittar av alla dess slag, scones p\u00e5 enkornsmj\u00f6l, f\u00e4rskost fr\u00e5n solmarka g\u00e5rd och olika hemgjorda marmelader, ostpaj med ost fr\u00e5n almn\u00e4sbruk, och olika desserter \u00e4r bara f\u00f6rnamnet. ALLT &hellip; Afternoon tea m\u00e5n-tors, 11 stycken eller fler L\u00e4s mer &raquo;","og_url":"https:\/\/www.stenlunden.com\/?product=afternoon-tea","og_site_name":"Stenlunden Hantverksbageri","article_modified_time":"2023-10-11T09:16:37+00:00","og_image":[{"width":750,"height":937,"url":"https:\/\/www.stenlunden.com\/wp-content\/uploads\/2023\/09\/IMG_20230306_204036_8611.jpg","type":"image\/jpeg"}],"twitter_card":"summary_large_image","twitter_misc":{"Ber\u00e4knad l\u00e4stid":"1 minut"},"schema":{"@context":"https:\/\/schema.org","@graph":[{"@type":"WebPage","@id":"https:\/\/www.stenlunden.com\/?product=afternoon-tea","url":"https:\/\/www.stenlunden.com\/?product=afternoon-tea","name":"Afternoon tea m\u00e5n-tors, 11 stycken eller fler - Stenlunden Hantverksbageri","isPartOf":{"@id":"https:\/\/www.stenlunden.com\/#website"},"datePublished":"2023-09-28T13:50:18+00:00","dateModified":"2023-10-11T09:16:37+00:00","breadcrumb":{"@id":"https:\/\/www.stenlunden.com\/?product=afternoon-tea#breadcrumb"},"inLanguage":"sv-SE","potentialAction":[{"@type":"ReadAction","target":["https:\/\/www.stenlunden.com\/?product=afternoon-tea"]}]},{"@type":"BreadcrumbList","@id":"https:\/\/www.stenlunden.com\/?product=afternoon-tea#breadcrumb","itemListElement":[{"@type":"ListItem","position":1,"name":"Produkter","item":"https:\/\/www.stenlunden.com\/?post_type=product"},{"@type":"ListItem","position":2,"name":"Afternoon tea m\u00e5n-tors, 11 stycken eller fler"}]},{"@type":"WebSite","@id":"https:\/\/www.stenlunden.com\/#website","url":"https:\/\/www.stenlunden.com\/","name":"Stenlunden Hantverksbageri","description":"Hantverksbageri i Sm\u00e5land","publisher":{"@id":"https:\/\/www.stenlunden.com\/#organization"},"potentialAction":[{"@type":"SearchAction","target":{"@type":"EntryPoint","urlTemplate":"https:\/\/www.stenlunden.com\/?s={search_term_string}"},"query-input":"required name=search_term_string"}],"inLanguage":"sv-SE"},{"@type":"Organization","@id":"https:\/\/www.stenlunden.com\/#organization","name":"Stenlunden Hantverksbageri","url":"https:\/\/www.stenlunden.com\/","logo":{"@type":"ImageObject","inLanguage":"sv-SE","@id":"https:\/\/www.stenlunden.com\/#\/schema\/logo\/image\/","url":"https:\/\/www.stenlunden.com\/wp-content\/uploads\/2023\/10\/cropped-Logotyp.png","contentUrl":"https:\/\/www.stenlunden.com\/wp-content\/uploads\/2023\/10\/cropped-Logotyp.png","width":563,"height":394,"caption":"Stenlunden Hantverksbageri"},"image":{"@id":"https:\/\/www.stenlunden.com\/#\/schema\/logo\/image\/"}}]}},"uagb_featured_image_src":{"full":["https:\/\/www.stenlunden.com\/wp-content\/uploads\/2023\/09\/IMG_20230306_204036_8611.jpg",750,937,false],"thumbnail":["https:\/\/www.stenlunden.com\/wp-content\/uploads\/2023\/09\/IMG_20230306_204036_8611-150x150.jpg",150,150,true],"medium":["https:\/\/www.stenlunden.com\/wp-content\/uploads\/2023\/09\/IMG_20230306_204036_8611-240x300.jpg",240,300,true],"medium_large":["https:\/\/www.stenlunden.com\/wp-content\/uploads\/2023\/09\/IMG_20230306_204036_8611.jpg",750,937,false],"large":["https:\/\/www.stenlunden.com\/wp-content\/uploads\/2023\/09\/IMG_20230306_204036_8611.jpg",750,937,false],"1536x1536":["https:\/\/www.stenlunden.com\/wp-content\/uploads\/2023\/09\/IMG_20230306_204036_8611.jpg",750,937,false],"2048x2048":["https:\/\/www.stenlunden.com\/wp-content\/uploads\/2023\/09\/IMG_20230306_204036_8611.jpg",750,937,false],"woocommerce_thumbnail":["https:\/\/www.stenlunden.com\/wp-content\/uploads\/2023\/09\/IMG_20230306_204036_8611-300x300.jpg",300,300,true],"woocommerce_single":["https:\/\/www.stenlunden.com\/wp-content\/uploads\/2023\/09\/IMG_20230306_204036_8611-600x750.jpg",600,750,true],"woocommerce_gallery_thumbnail":["https:\/\/www.stenlunden.com\/wp-content\/uploads\/2023\/09\/IMG_20230306_204036_8611-100x100.jpg",100,100,true]},"uagb_author_info":{"display_name":"Emelie Keynemo","author_link":"https:\/\/www.stenlunden.com\/?author=0"},"uagb_comment_info":0,"uagb_excerpt":"Stenlunden har tagit afternoon tea till en helt annan niv\u00e5. Afternoon tea med sl\u00e4kt\/v\u00e4nner eller\/och jobbarkompisar, d\u00e4r man inte f\u00e5r v\u00e5ningsfat vid bordet utan en hel buff\u00e9.\u00a0 Snittar av alla dess slag, scones p\u00e5 enkornsmj\u00f6l, f\u00e4rskost fr\u00e5n solmarka g\u00e5rd och olika hemgjorda marmelader, ostpaj med ost fr\u00e5n almn\u00e4sbruk, och olika desserter \u00e4r bara f\u00f6rnamnet. ALLT&hellip;","_links":{"self":[{"href":"https:\/\/www.stenlunden.com\/index.php?rest_route=\/wp\/v2\/product\/6276","targetHints":{"allow":["GET"]}}],"collection":[{"href":"https:\/\/www.stenlunden.com\/index.php?rest_route=\/wp\/v2\/product"}],"about":[{"href":"https:\/\/www.stenlunden.com\/index.php?rest_route=\/wp\/v2\/types\/product"}],"replies":[{"embeddable":true,"href":"https:\/\/www.stenlunden.com\/index.php?rest_route=%2Fwp%2Fv2%2Fcomments&post=6276"}],"version-history":[{"count":3,"href":"https:\/\/www.stenlunden.com\/index.php?rest_route=\/wp\/v2\/product\/6276\/revisions"}],"predecessor-version":[{"id":7080,"href":"https:\/\/www.stenlunden.com\/index.php?rest_route=\/wp\/v2\/product\/6276\/revisions\/7080"}],"wp:featuredmedia":[{"embeddable":true,"href":"https:\/\/www.stenlunden.com\/index.php?rest_route=\/wp\/v2\/media\/6244"}],"wp:attachment":[{"href":"https:\/\/www.stenlunden.com\/index.php?rest_route=%2Fwp%2Fv2%2Fmedia&parent=6276"}],"wp:term":[{"taxonomy":"product_cat","embeddable":true,"href":"https:\/\/www.stenlunden.com\/index.php?rest_route=%2Fwp%2Fv2%2Fproduct_cat&post=6276"},{"taxonomy":"product_tag","embeddable":true,"href":"https:\/\/www.stenlunden.com\/index.php?rest_route=%2Fwp%2Fv2%2Fproduct_tag&post=6276"}],"curies":[{"name":"wp","href":"https:\/\/api.w.org\/{rel}","templated":true}]}}