{"id":7005,"date":"2023-10-10T19:08:58","date_gmt":"2023-10-10T17:08:58","guid":{"rendered":"https:\/\/www.stenlunden.com\/?post_type=product&#038;p=7005"},"modified":"2023-10-15T10:34:28","modified_gmt":"2023-10-15T08:34:28","slug":"kolatartlett-med-chokladganache-och-flingsalt-utan-gluten","status":"publish","type":"product","link":"https:\/\/www.stenlunden.com\/?product=kolatartlett-med-chokladganache-och-flingsalt-utan-gluten","title":{"rendered":"Kolatartlett med chokladganache och flingsalt &#8221;utan gluten&#8221;"},"content":{"rendered":"<p>Tartlett: Eko siktat bovetemj\u00f6l, eko sm\u00f6r, eko socker, eko \u00e4ggulor och oraffinerat havssalt.<\/p>\n<p>Kola: Eko vispgr\u00e4dde 40%, eko ljus sirap, eko socker och eko sm\u00f6r.<\/p>\n<p>Chokladganache: Eko vispgr\u00e4dde 40%, eko 70% m\u00f6rk choklad och eko glykos.<\/p>\n<p>Topping: Flingsalt<\/p>\n","protected":false},"excerpt":{"rendered":"<p>Tartlett: Eko siktat bovetemj\u00f6l, eko sm\u00f6r, eko socker, eko \u00e4ggulor och oraffinerat havssalt. Kola: Eko vispgr\u00e4dde 40%, eko ljus sirap, eko socker och eko sm\u00f6r. Chokladganache: Eko vispgr\u00e4dde 40%, eko 70% m\u00f6rk choklad och eko glykos. Topping: Flingsalt<\/p>\n","protected":false},"featured_media":7123,"comment_status":"open","ping_status":"closed","template":"","meta":{"_uag_custom_page_level_css":"","site-sidebar-layout":"default","site-content-layout":"","ast-site-content-layout":"default","site-content-style":"default","site-sidebar-style":"default","ast-global-header-display":"","ast-banner-title-visibility":"","ast-main-header-display":"","ast-hfb-above-header-display":"","ast-hfb-below-header-display":"","ast-hfb-mobile-header-display":"","site-post-title":"","ast-breadcrumbs-content":"","ast-featured-img":"","footer-sml-layout":"","theme-transparent-header-meta":"default","adv-header-id-meta":"","stick-header-meta":"","header-above-stick-meta":"","header-main-stick-meta":"","header-below-stick-meta":"","astra-migrate-meta-layouts":"set"},"product_cat":[73],"product_tag":[],"class_list":{"0":"post-7005","1":"product","2":"type-product","3":"status-publish","4":"has-post-thumbnail","6":"product_cat-bakat-utan-gluten","7":"desktop-align-left","8":"tablet-align-left","9":"mobile-align-left","11":"first","12":"instock","13":"taxable","14":"shipping-taxable","15":"purchasable","16":"product-type-simple"},"yoast_head":"<!-- This site is optimized with the Yoast SEO plugin v21.0 - https:\/\/yoast.com\/wordpress\/plugins\/seo\/ -->\n<title>Kolatartlett med chokladganache och flingsalt &quot;utan gluten&quot; - Stenlunden Hantverksbageri<\/title>\n<meta name=\"robots\" content=\"index, follow, max-snippet:-1, max-image-preview:large, max-video-preview:-1\" \/>\n<link rel=\"canonical\" href=\"https:\/\/www.stenlunden.com\/?product=kolatartlett-med-chokladganache-och-flingsalt-utan-gluten\" \/>\n<meta property=\"og:locale\" content=\"sv_SE\" \/>\n<meta property=\"og:type\" content=\"article\" \/>\n<meta property=\"og:title\" content=\"Kolatartlett med chokladganache och flingsalt &quot;utan gluten&quot; - Stenlunden Hantverksbageri\" \/>\n<meta property=\"og:description\" content=\"Tartlett: Eko siktat bovetemj\u00f6l, eko sm\u00f6r, eko socker, eko \u00e4ggulor och oraffinerat havssalt. Kola: Eko vispgr\u00e4dde 40%, eko ljus sirap, eko socker och eko sm\u00f6r. Chokladganache: Eko vispgr\u00e4dde 40%, eko 70% m\u00f6rk choklad och eko glykos. Topping: Flingsalt\" \/>\n<meta property=\"og:url\" content=\"https:\/\/www.stenlunden.com\/?product=kolatartlett-med-chokladganache-och-flingsalt-utan-gluten\" \/>\n<meta property=\"og:site_name\" content=\"Stenlunden Hantverksbageri\" \/>\n<meta property=\"article:modified_time\" content=\"2023-10-15T08:34:28+00:00\" \/>\n<meta property=\"og:image\" content=\"https:\/\/www.stenlunden.com\/wp-content\/uploads\/2023\/10\/0-1-e1697358858776.jpg\" \/>\n\t<meta property=\"og:image:width\" content=\"693\" \/>\n\t<meta property=\"og:image:height\" content=\"608\" \/>\n\t<meta property=\"og:image:type\" content=\"image\/jpeg\" \/>\n<meta name=\"twitter:card\" content=\"summary_large_image\" \/>\n<meta name=\"twitter:label1\" content=\"Ber\u00e4knad l\u00e4stid\" \/>\n\t<meta name=\"twitter:data1\" content=\"1 minut\" \/>\n<script type=\"application\/ld+json\" class=\"yoast-schema-graph\">{\"@context\":\"https:\/\/schema.org\",\"@graph\":[{\"@type\":\"WebPage\",\"@id\":\"https:\/\/www.stenlunden.com\/?product=kolatartlett-med-chokladganache-och-flingsalt-utan-gluten\",\"url\":\"https:\/\/www.stenlunden.com\/?product=kolatartlett-med-chokladganache-och-flingsalt-utan-gluten\",\"name\":\"Kolatartlett med chokladganache och flingsalt \\\"utan gluten\\\" - Stenlunden Hantverksbageri\",\"isPartOf\":{\"@id\":\"https:\/\/www.stenlunden.com\/#website\"},\"datePublished\":\"2023-10-10T17:08:58+00:00\",\"dateModified\":\"2023-10-15T08:34:28+00:00\",\"breadcrumb\":{\"@id\":\"https:\/\/www.stenlunden.com\/?product=kolatartlett-med-chokladganache-och-flingsalt-utan-gluten#breadcrumb\"},\"inLanguage\":\"sv-SE\",\"potentialAction\":[{\"@type\":\"ReadAction\",\"target\":[\"https:\/\/www.stenlunden.com\/?product=kolatartlett-med-chokladganache-och-flingsalt-utan-gluten\"]}]},{\"@type\":\"BreadcrumbList\",\"@id\":\"https:\/\/www.stenlunden.com\/?product=kolatartlett-med-chokladganache-och-flingsalt-utan-gluten#breadcrumb\",\"itemListElement\":[{\"@type\":\"ListItem\",\"position\":1,\"name\":\"Produkter\",\"item\":\"https:\/\/www.stenlunden.com\/?post_type=product\"},{\"@type\":\"ListItem\",\"position\":2,\"name\":\"Kolatartlett med chokladganache och flingsalt &#8220;utan gluten&#8221;\"}]},{\"@type\":\"WebSite\",\"@id\":\"https:\/\/www.stenlunden.com\/#website\",\"url\":\"https:\/\/www.stenlunden.com\/\",\"name\":\"Stenlunden Hantverksbageri\",\"description\":\"Hantverksbageri i Sm\u00e5land\",\"publisher\":{\"@id\":\"https:\/\/www.stenlunden.com\/#organization\"},\"potentialAction\":[{\"@type\":\"SearchAction\",\"target\":{\"@type\":\"EntryPoint\",\"urlTemplate\":\"https:\/\/www.stenlunden.com\/?s={search_term_string}\"},\"query-input\":\"required name=search_term_string\"}],\"inLanguage\":\"sv-SE\"},{\"@type\":\"Organization\",\"@id\":\"https:\/\/www.stenlunden.com\/#organization\",\"name\":\"Stenlunden Hantverksbageri\",\"url\":\"https:\/\/www.stenlunden.com\/\",\"logo\":{\"@type\":\"ImageObject\",\"inLanguage\":\"sv-SE\",\"@id\":\"https:\/\/www.stenlunden.com\/#\/schema\/logo\/image\/\",\"url\":\"https:\/\/www.stenlunden.com\/wp-content\/uploads\/2023\/10\/cropped-Logotyp.png\",\"contentUrl\":\"https:\/\/www.stenlunden.com\/wp-content\/uploads\/2023\/10\/cropped-Logotyp.png\",\"width\":563,\"height\":394,\"caption\":\"Stenlunden Hantverksbageri\"},\"image\":{\"@id\":\"https:\/\/www.stenlunden.com\/#\/schema\/logo\/image\/\"}}]}<\/script>\n<!-- \/ Yoast SEO plugin. -->","yoast_head_json":{"title":"Kolatartlett med chokladganache och flingsalt \"utan gluten\" - Stenlunden Hantverksbageri","robots":{"index":"index","follow":"follow","max-snippet":"max-snippet:-1","max-image-preview":"max-image-preview:large","max-video-preview":"max-video-preview:-1"},"canonical":"https:\/\/www.stenlunden.com\/?product=kolatartlett-med-chokladganache-och-flingsalt-utan-gluten","og_locale":"sv_SE","og_type":"article","og_title":"Kolatartlett med chokladganache och flingsalt \"utan gluten\" - Stenlunden Hantverksbageri","og_description":"Tartlett: Eko siktat bovetemj\u00f6l, eko sm\u00f6r, eko socker, eko \u00e4ggulor och oraffinerat havssalt. Kola: Eko vispgr\u00e4dde 40%, eko ljus sirap, eko socker och eko sm\u00f6r. Chokladganache: Eko vispgr\u00e4dde 40%, eko 70% m\u00f6rk choklad och eko glykos. Topping: Flingsalt","og_url":"https:\/\/www.stenlunden.com\/?product=kolatartlett-med-chokladganache-och-flingsalt-utan-gluten","og_site_name":"Stenlunden Hantverksbageri","article_modified_time":"2023-10-15T08:34:28+00:00","og_image":[{"width":693,"height":608,"url":"https:\/\/www.stenlunden.com\/wp-content\/uploads\/2023\/10\/0-1-e1697358858776.jpg","type":"image\/jpeg"}],"twitter_card":"summary_large_image","twitter_misc":{"Ber\u00e4knad l\u00e4stid":"1 minut"},"schema":{"@context":"https:\/\/schema.org","@graph":[{"@type":"WebPage","@id":"https:\/\/www.stenlunden.com\/?product=kolatartlett-med-chokladganache-och-flingsalt-utan-gluten","url":"https:\/\/www.stenlunden.com\/?product=kolatartlett-med-chokladganache-och-flingsalt-utan-gluten","name":"Kolatartlett med chokladganache och flingsalt \"utan gluten\" - Stenlunden Hantverksbageri","isPartOf":{"@id":"https:\/\/www.stenlunden.com\/#website"},"datePublished":"2023-10-10T17:08:58+00:00","dateModified":"2023-10-15T08:34:28+00:00","breadcrumb":{"@id":"https:\/\/www.stenlunden.com\/?product=kolatartlett-med-chokladganache-och-flingsalt-utan-gluten#breadcrumb"},"inLanguage":"sv-SE","potentialAction":[{"@type":"ReadAction","target":["https:\/\/www.stenlunden.com\/?product=kolatartlett-med-chokladganache-och-flingsalt-utan-gluten"]}]},{"@type":"BreadcrumbList","@id":"https:\/\/www.stenlunden.com\/?product=kolatartlett-med-chokladganache-och-flingsalt-utan-gluten#breadcrumb","itemListElement":[{"@type":"ListItem","position":1,"name":"Produkter","item":"https:\/\/www.stenlunden.com\/?post_type=product"},{"@type":"ListItem","position":2,"name":"Kolatartlett med chokladganache och flingsalt &#8220;utan gluten&#8221;"}]},{"@type":"WebSite","@id":"https:\/\/www.stenlunden.com\/#website","url":"https:\/\/www.stenlunden.com\/","name":"Stenlunden Hantverksbageri","description":"Hantverksbageri i Sm\u00e5land","publisher":{"@id":"https:\/\/www.stenlunden.com\/#organization"},"potentialAction":[{"@type":"SearchAction","target":{"@type":"EntryPoint","urlTemplate":"https:\/\/www.stenlunden.com\/?s={search_term_string}"},"query-input":"required name=search_term_string"}],"inLanguage":"sv-SE"},{"@type":"Organization","@id":"https:\/\/www.stenlunden.com\/#organization","name":"Stenlunden Hantverksbageri","url":"https:\/\/www.stenlunden.com\/","logo":{"@type":"ImageObject","inLanguage":"sv-SE","@id":"https:\/\/www.stenlunden.com\/#\/schema\/logo\/image\/","url":"https:\/\/www.stenlunden.com\/wp-content\/uploads\/2023\/10\/cropped-Logotyp.png","contentUrl":"https:\/\/www.stenlunden.com\/wp-content\/uploads\/2023\/10\/cropped-Logotyp.png","width":563,"height":394,"caption":"Stenlunden Hantverksbageri"},"image":{"@id":"https:\/\/www.stenlunden.com\/#\/schema\/logo\/image\/"}}]}},"uagb_featured_image_src":{"full":["https:\/\/www.stenlunden.com\/wp-content\/uploads\/2023\/10\/0-1-e1697358858776.jpg",693,608,false],"thumbnail":["https:\/\/www.stenlunden.com\/wp-content\/uploads\/2023\/10\/0-1-e1697358858776-150x150.jpg",150,150,true],"medium":["https:\/\/www.stenlunden.com\/wp-content\/uploads\/2023\/10\/0-1-e1697358858776-300x263.jpg",300,263,true],"medium_large":["https:\/\/www.stenlunden.com\/wp-content\/uploads\/2023\/10\/0-1-e1697358858776.jpg",693,608,false],"large":["https:\/\/www.stenlunden.com\/wp-content\/uploads\/2023\/10\/0-1-e1697358858776.jpg",693,608,false],"1536x1536":["https:\/\/www.stenlunden.com\/wp-content\/uploads\/2023\/10\/0-1-e1697358858776.jpg",693,608,false],"2048x2048":["https:\/\/www.stenlunden.com\/wp-content\/uploads\/2023\/10\/0-1-e1697358858776.jpg",693,608,false],"woocommerce_thumbnail":["https:\/\/www.stenlunden.com\/wp-content\/uploads\/2023\/10\/0-1-e1697358858776-300x300.jpg",300,300,true],"woocommerce_single":["https:\/\/www.stenlunden.com\/wp-content\/uploads\/2023\/10\/0-1-e1697358858776-600x526.jpg",600,526,true],"woocommerce_gallery_thumbnail":["https:\/\/www.stenlunden.com\/wp-content\/uploads\/2023\/10\/0-1-e1697358858776-100x100.jpg",100,100,true]},"uagb_author_info":{"display_name":"Caroline Davidsson","author_link":"https:\/\/www.stenlunden.com\/?author=0"},"uagb_comment_info":0,"uagb_excerpt":"Tartlett: Eko siktat bovetemj\u00f6l, eko sm\u00f6r, eko socker, eko \u00e4ggulor och oraffinerat havssalt. Kola: Eko vispgr\u00e4dde 40%, eko ljus sirap, eko socker och eko sm\u00f6r. Chokladganache: Eko vispgr\u00e4dde 40%, eko 70% m\u00f6rk choklad och eko glykos. Topping: Flingsalt","_links":{"self":[{"href":"https:\/\/www.stenlunden.com\/index.php?rest_route=\/wp\/v2\/product\/7005","targetHints":{"allow":["GET"]}}],"collection":[{"href":"https:\/\/www.stenlunden.com\/index.php?rest_route=\/wp\/v2\/product"}],"about":[{"href":"https:\/\/www.stenlunden.com\/index.php?rest_route=\/wp\/v2\/types\/product"}],"replies":[{"embeddable":true,"href":"https:\/\/www.stenlunden.com\/index.php?rest_route=%2Fwp%2Fv2%2Fcomments&post=7005"}],"version-history":[{"count":3,"href":"https:\/\/www.stenlunden.com\/index.php?rest_route=\/wp\/v2\/product\/7005\/revisions"}],"predecessor-version":[{"id":7025,"href":"https:\/\/www.stenlunden.com\/index.php?rest_route=\/wp\/v2\/product\/7005\/revisions\/7025"}],"wp:featuredmedia":[{"embeddable":true,"href":"https:\/\/www.stenlunden.com\/index.php?rest_route=\/wp\/v2\/media\/7123"}],"wp:attachment":[{"href":"https:\/\/www.stenlunden.com\/index.php?rest_route=%2Fwp%2Fv2%2Fmedia&parent=7005"}],"wp:term":[{"taxonomy":"product_cat","embeddable":true,"href":"https:\/\/www.stenlunden.com\/index.php?rest_route=%2Fwp%2Fv2%2Fproduct_cat&post=7005"},{"taxonomy":"product_tag","embeddable":true,"href":"https:\/\/www.stenlunden.com\/index.php?rest_route=%2Fwp%2Fv2%2Fproduct_tag&post=7005"}],"curies":[{"name":"wp","href":"https:\/\/api.w.org\/{rel}","templated":true}]}}