{"id":7031,"date":"2023-10-11T08:49:32","date_gmt":"2023-10-11T06:49:32","guid":{"rendered":"https:\/\/www.stenlunden.com\/?post_type=product&#038;p=7031"},"modified":"2023-10-11T08:49:33","modified_gmt":"2023-10-11T06:49:33","slug":"hallonblomman-utan-gluten-6-8-bitar","status":"publish","type":"product","link":"https:\/\/www.stenlunden.com\/?product=hallonblomman-utan-gluten-6-8-bitar","title":{"rendered":"Hallonblomman &#8221;Utan gluten&#8221; 6-8 bitar"},"content":{"rendered":"<p>Browniebotten: Eko r\u00e5socker, eko sm\u00f6r, eko \u00e4gg, eko glutenfrimix, eko kakao, eko bakpulver, eko vaniljsocker och flingsalt.<\/p>\n<p>Hallonpannacotta: Eko vispgr\u00e4dde 40%, eko hallon, eko socker, eko vaniljsocker och gelatinblad.<\/p>\n<p>Hallonmar\u00e4ng: Eko socker, eko \u00e4ggvita och eko hallon<\/p>\n<p>V\u00e5r egna eko glutenfriamix: Mandelmj\u00f6l, majsmj\u00f6l, rismj\u00f6l, durramj\u00f6l, maizena, potatismj\u00f6l och fiberhusk<\/p>\n","protected":false},"excerpt":{"rendered":"<p>Browniebotten: Eko r\u00e5socker, eko sm\u00f6r, eko \u00e4gg, eko glutenfrimix, eko kakao, eko bakpulver, eko vaniljsocker och flingsalt. Hallonpannacotta: Eko vispgr\u00e4dde 40%, eko hallon, eko socker, eko vaniljsocker och gelatinblad. Hallonmar\u00e4ng: Eko socker, eko \u00e4ggvita och eko hallon V\u00e5r egna eko glutenfriamix: Mandelmj\u00f6l, majsmj\u00f6l, rismj\u00f6l, durramj\u00f6l, maizena, potatismj\u00f6l och fiberhusk<\/p>\n","protected":false},"featured_media":6993,"comment_status":"open","ping_status":"closed","template":"","meta":{"_uag_custom_page_level_css":"","site-sidebar-layout":"default","site-content-layout":"","ast-site-content-layout":"default","site-content-style":"default","site-sidebar-style":"default","ast-global-header-display":"","ast-banner-title-visibility":"","ast-main-header-display":"","ast-hfb-above-header-display":"","ast-hfb-below-header-display":"","ast-hfb-mobile-header-display":"","site-post-title":"","ast-breadcrumbs-content":"","ast-featured-img":"","footer-sml-layout":"","theme-transparent-header-meta":"default","adv-header-id-meta":"","stick-header-meta":"","header-above-stick-meta":"","header-main-stick-meta":"","header-below-stick-meta":"","astra-migrate-meta-layouts":"set"},"product_cat":[73],"product_tag":[],"class_list":{"0":"post-7031","1":"product","2":"type-product","3":"status-publish","4":"has-post-thumbnail","6":"product_cat-bakat-utan-gluten","7":"desktop-align-left","8":"tablet-align-left","9":"mobile-align-left","11":"first","12":"instock","13":"taxable","14":"shipping-taxable","15":"purchasable","16":"product-type-simple"},"yoast_head":"<!-- This site is optimized with the Yoast SEO plugin v21.0 - https:\/\/yoast.com\/wordpress\/plugins\/seo\/ -->\n<title>Hallonblomman &quot;Utan gluten&quot; 6-8 bitar - Stenlunden Hantverksbageri<\/title>\n<meta name=\"robots\" content=\"index, follow, max-snippet:-1, max-image-preview:large, max-video-preview:-1\" \/>\n<link rel=\"canonical\" href=\"https:\/\/www.stenlunden.com\/?product=hallonblomman-utan-gluten-6-8-bitar\" \/>\n<meta property=\"og:locale\" content=\"sv_SE\" \/>\n<meta property=\"og:type\" content=\"article\" \/>\n<meta property=\"og:title\" content=\"Hallonblomman &quot;Utan gluten&quot; 6-8 bitar - Stenlunden Hantverksbageri\" \/>\n<meta property=\"og:description\" content=\"Browniebotten: Eko r\u00e5socker, eko sm\u00f6r, eko \u00e4gg, eko glutenfrimix, eko kakao, eko bakpulver, eko vaniljsocker och flingsalt. Hallonpannacotta: Eko vispgr\u00e4dde 40%, eko hallon, eko socker, eko vaniljsocker och gelatinblad. Hallonmar\u00e4ng: Eko socker, eko \u00e4ggvita och eko hallon V\u00e5r egna eko glutenfriamix: Mandelmj\u00f6l, majsmj\u00f6l, rismj\u00f6l, durramj\u00f6l, maizena, potatismj\u00f6l och fiberhusk\" \/>\n<meta property=\"og:url\" content=\"https:\/\/www.stenlunden.com\/?product=hallonblomman-utan-gluten-6-8-bitar\" \/>\n<meta property=\"og:site_name\" content=\"Stenlunden Hantverksbageri\" \/>\n<meta property=\"article:modified_time\" content=\"2023-10-11T06:49:33+00:00\" \/>\n<meta property=\"og:image\" content=\"https:\/\/www.stenlunden.com\/wp-content\/uploads\/2023\/10\/Hallonblomman-.jpg\" \/>\n\t<meta property=\"og:image:width\" content=\"1816\" \/>\n\t<meta property=\"og:image:height\" content=\"2037\" \/>\n\t<meta property=\"og:image:type\" content=\"image\/jpeg\" \/>\n<meta name=\"twitter:card\" content=\"summary_large_image\" \/>\n<meta name=\"twitter:label1\" content=\"Ber\u00e4knad l\u00e4stid\" \/>\n\t<meta name=\"twitter:data1\" content=\"1 minut\" \/>\n<script type=\"application\/ld+json\" class=\"yoast-schema-graph\">{\"@context\":\"https:\/\/schema.org\",\"@graph\":[{\"@type\":\"WebPage\",\"@id\":\"https:\/\/www.stenlunden.com\/?product=hallonblomman-utan-gluten-6-8-bitar\",\"url\":\"https:\/\/www.stenlunden.com\/?product=hallonblomman-utan-gluten-6-8-bitar\",\"name\":\"Hallonblomman \\\"Utan gluten\\\" 6-8 bitar - Stenlunden Hantverksbageri\",\"isPartOf\":{\"@id\":\"https:\/\/www.stenlunden.com\/#website\"},\"datePublished\":\"2023-10-11T06:49:32+00:00\",\"dateModified\":\"2023-10-11T06:49:33+00:00\",\"breadcrumb\":{\"@id\":\"https:\/\/www.stenlunden.com\/?product=hallonblomman-utan-gluten-6-8-bitar#breadcrumb\"},\"inLanguage\":\"sv-SE\",\"potentialAction\":[{\"@type\":\"ReadAction\",\"target\":[\"https:\/\/www.stenlunden.com\/?product=hallonblomman-utan-gluten-6-8-bitar\"]}]},{\"@type\":\"BreadcrumbList\",\"@id\":\"https:\/\/www.stenlunden.com\/?product=hallonblomman-utan-gluten-6-8-bitar#breadcrumb\",\"itemListElement\":[{\"@type\":\"ListItem\",\"position\":1,\"name\":\"Produkter\",\"item\":\"https:\/\/www.stenlunden.com\/?post_type=product\"},{\"@type\":\"ListItem\",\"position\":2,\"name\":\"Hallonblomman &#8220;Utan gluten&#8221; 6-8 bitar\"}]},{\"@type\":\"WebSite\",\"@id\":\"https:\/\/www.stenlunden.com\/#website\",\"url\":\"https:\/\/www.stenlunden.com\/\",\"name\":\"Stenlunden Hantverksbageri\",\"description\":\"Hantverksbageri i Sm\u00e5land\",\"publisher\":{\"@id\":\"https:\/\/www.stenlunden.com\/#organization\"},\"potentialAction\":[{\"@type\":\"SearchAction\",\"target\":{\"@type\":\"EntryPoint\",\"urlTemplate\":\"https:\/\/www.stenlunden.com\/?s={search_term_string}\"},\"query-input\":\"required name=search_term_string\"}],\"inLanguage\":\"sv-SE\"},{\"@type\":\"Organization\",\"@id\":\"https:\/\/www.stenlunden.com\/#organization\",\"name\":\"Stenlunden Hantverksbageri\",\"url\":\"https:\/\/www.stenlunden.com\/\",\"logo\":{\"@type\":\"ImageObject\",\"inLanguage\":\"sv-SE\",\"@id\":\"https:\/\/www.stenlunden.com\/#\/schema\/logo\/image\/\",\"url\":\"https:\/\/www.stenlunden.com\/wp-content\/uploads\/2023\/10\/cropped-Logotyp.png\",\"contentUrl\":\"https:\/\/www.stenlunden.com\/wp-content\/uploads\/2023\/10\/cropped-Logotyp.png\",\"width\":563,\"height\":394,\"caption\":\"Stenlunden Hantverksbageri\"},\"image\":{\"@id\":\"https:\/\/www.stenlunden.com\/#\/schema\/logo\/image\/\"}}]}<\/script>\n<!-- \/ Yoast SEO plugin. -->","yoast_head_json":{"title":"Hallonblomman \"Utan gluten\" 6-8 bitar - Stenlunden Hantverksbageri","robots":{"index":"index","follow":"follow","max-snippet":"max-snippet:-1","max-image-preview":"max-image-preview:large","max-video-preview":"max-video-preview:-1"},"canonical":"https:\/\/www.stenlunden.com\/?product=hallonblomman-utan-gluten-6-8-bitar","og_locale":"sv_SE","og_type":"article","og_title":"Hallonblomman \"Utan gluten\" 6-8 bitar - Stenlunden Hantverksbageri","og_description":"Browniebotten: Eko r\u00e5socker, eko sm\u00f6r, eko \u00e4gg, eko glutenfrimix, eko kakao, eko bakpulver, eko vaniljsocker och flingsalt. Hallonpannacotta: Eko vispgr\u00e4dde 40%, eko hallon, eko socker, eko vaniljsocker och gelatinblad. Hallonmar\u00e4ng: Eko socker, eko \u00e4ggvita och eko hallon V\u00e5r egna eko glutenfriamix: Mandelmj\u00f6l, majsmj\u00f6l, rismj\u00f6l, durramj\u00f6l, maizena, potatismj\u00f6l och fiberhusk","og_url":"https:\/\/www.stenlunden.com\/?product=hallonblomman-utan-gluten-6-8-bitar","og_site_name":"Stenlunden Hantverksbageri","article_modified_time":"2023-10-11T06:49:33+00:00","og_image":[{"width":1816,"height":2037,"url":"https:\/\/www.stenlunden.com\/wp-content\/uploads\/2023\/10\/Hallonblomman-.jpg","type":"image\/jpeg"}],"twitter_card":"summary_large_image","twitter_misc":{"Ber\u00e4knad l\u00e4stid":"1 minut"},"schema":{"@context":"https:\/\/schema.org","@graph":[{"@type":"WebPage","@id":"https:\/\/www.stenlunden.com\/?product=hallonblomman-utan-gluten-6-8-bitar","url":"https:\/\/www.stenlunden.com\/?product=hallonblomman-utan-gluten-6-8-bitar","name":"Hallonblomman \"Utan gluten\" 6-8 bitar - Stenlunden Hantverksbageri","isPartOf":{"@id":"https:\/\/www.stenlunden.com\/#website"},"datePublished":"2023-10-11T06:49:32+00:00","dateModified":"2023-10-11T06:49:33+00:00","breadcrumb":{"@id":"https:\/\/www.stenlunden.com\/?product=hallonblomman-utan-gluten-6-8-bitar#breadcrumb"},"inLanguage":"sv-SE","potentialAction":[{"@type":"ReadAction","target":["https:\/\/www.stenlunden.com\/?product=hallonblomman-utan-gluten-6-8-bitar"]}]},{"@type":"BreadcrumbList","@id":"https:\/\/www.stenlunden.com\/?product=hallonblomman-utan-gluten-6-8-bitar#breadcrumb","itemListElement":[{"@type":"ListItem","position":1,"name":"Produkter","item":"https:\/\/www.stenlunden.com\/?post_type=product"},{"@type":"ListItem","position":2,"name":"Hallonblomman &#8220;Utan gluten&#8221; 6-8 bitar"}]},{"@type":"WebSite","@id":"https:\/\/www.stenlunden.com\/#website","url":"https:\/\/www.stenlunden.com\/","name":"Stenlunden Hantverksbageri","description":"Hantverksbageri i Sm\u00e5land","publisher":{"@id":"https:\/\/www.stenlunden.com\/#organization"},"potentialAction":[{"@type":"SearchAction","target":{"@type":"EntryPoint","urlTemplate":"https:\/\/www.stenlunden.com\/?s={search_term_string}"},"query-input":"required name=search_term_string"}],"inLanguage":"sv-SE"},{"@type":"Organization","@id":"https:\/\/www.stenlunden.com\/#organization","name":"Stenlunden Hantverksbageri","url":"https:\/\/www.stenlunden.com\/","logo":{"@type":"ImageObject","inLanguage":"sv-SE","@id":"https:\/\/www.stenlunden.com\/#\/schema\/logo\/image\/","url":"https:\/\/www.stenlunden.com\/wp-content\/uploads\/2023\/10\/cropped-Logotyp.png","contentUrl":"https:\/\/www.stenlunden.com\/wp-content\/uploads\/2023\/10\/cropped-Logotyp.png","width":563,"height":394,"caption":"Stenlunden Hantverksbageri"},"image":{"@id":"https:\/\/www.stenlunden.com\/#\/schema\/logo\/image\/"}}]}},"uagb_featured_image_src":{"full":["https:\/\/www.stenlunden.com\/wp-content\/uploads\/2023\/10\/Hallonblomman-.jpg",1816,2037,false],"thumbnail":["https:\/\/www.stenlunden.com\/wp-content\/uploads\/2023\/10\/Hallonblomman--150x150.jpg",150,150,true],"medium":["https:\/\/www.stenlunden.com\/wp-content\/uploads\/2023\/10\/Hallonblomman--267x300.jpg",267,300,true],"medium_large":["https:\/\/www.stenlunden.com\/wp-content\/uploads\/2023\/10\/Hallonblomman--768x861.jpg",768,861,true],"large":["https:\/\/www.stenlunden.com\/wp-content\/uploads\/2023\/10\/Hallonblomman--913x1024.jpg",913,1024,true],"1536x1536":["https:\/\/www.stenlunden.com\/wp-content\/uploads\/2023\/10\/Hallonblomman--1369x1536.jpg",1369,1536,true],"2048x2048":["https:\/\/www.stenlunden.com\/wp-content\/uploads\/2023\/10\/Hallonblomman-.jpg",1816,2037,false],"woocommerce_thumbnail":["https:\/\/www.stenlunden.com\/wp-content\/uploads\/2023\/10\/Hallonblomman--300x300.jpg",300,300,true],"woocommerce_single":["https:\/\/www.stenlunden.com\/wp-content\/uploads\/2023\/10\/Hallonblomman--600x673.jpg",600,673,true],"woocommerce_gallery_thumbnail":["https:\/\/www.stenlunden.com\/wp-content\/uploads\/2023\/10\/Hallonblomman--100x100.jpg",100,100,true]},"uagb_author_info":{"display_name":"Caroline Davidsson","author_link":"https:\/\/www.stenlunden.com\/?author=0"},"uagb_comment_info":0,"uagb_excerpt":"Browniebotten: Eko r\u00e5socker, eko sm\u00f6r, eko \u00e4gg, eko glutenfrimix, eko kakao, eko bakpulver, eko vaniljsocker och flingsalt. Hallonpannacotta: Eko vispgr\u00e4dde 40%, eko hallon, eko socker, eko vaniljsocker och gelatinblad. Hallonmar\u00e4ng: Eko socker, eko \u00e4ggvita och eko hallon V\u00e5r egna eko glutenfriamix: Mandelmj\u00f6l, majsmj\u00f6l, rismj\u00f6l, durramj\u00f6l, maizena, potatismj\u00f6l och fiberhusk","_links":{"self":[{"href":"https:\/\/www.stenlunden.com\/index.php?rest_route=\/wp\/v2\/product\/7031","targetHints":{"allow":["GET"]}}],"collection":[{"href":"https:\/\/www.stenlunden.com\/index.php?rest_route=\/wp\/v2\/product"}],"about":[{"href":"https:\/\/www.stenlunden.com\/index.php?rest_route=\/wp\/v2\/types\/product"}],"replies":[{"embeddable":true,"href":"https:\/\/www.stenlunden.com\/index.php?rest_route=%2Fwp%2Fv2%2Fcomments&post=7031"}],"version-history":[{"count":1,"href":"https:\/\/www.stenlunden.com\/index.php?rest_route=\/wp\/v2\/product\/7031\/revisions"}],"predecessor-version":[{"id":7032,"href":"https:\/\/www.stenlunden.com\/index.php?rest_route=\/wp\/v2\/product\/7031\/revisions\/7032"}],"wp:featuredmedia":[{"embeddable":true,"href":"https:\/\/www.stenlunden.com\/index.php?rest_route=\/wp\/v2\/media\/6993"}],"wp:attachment":[{"href":"https:\/\/www.stenlunden.com\/index.php?rest_route=%2Fwp%2Fv2%2Fmedia&parent=7031"}],"wp:term":[{"taxonomy":"product_cat","embeddable":true,"href":"https:\/\/www.stenlunden.com\/index.php?rest_route=%2Fwp%2Fv2%2Fproduct_cat&post=7031"},{"taxonomy":"product_tag","embeddable":true,"href":"https:\/\/www.stenlunden.com\/index.php?rest_route=%2Fwp%2Fv2%2Fproduct_tag&post=7031"}],"curies":[{"name":"wp","href":"https:\/\/api.w.org\/{rel}","templated":true}]}}