{"id":7153,"date":"2023-10-15T11:56:41","date_gmt":"2023-10-15T09:56:41","guid":{"rendered":"https:\/\/www.stenlunden.com\/?post_type=product&#038;p=7153"},"modified":"2023-10-15T17:53:28","modified_gmt":"2023-10-15T15:53:28","slug":"3-stycken-kanel-kardemummabullar","status":"publish","type":"product","link":"https:\/\/www.stenlunden.com\/?product=3-stycken-kanel-kardemummabullar","title":{"rendered":"3 stycken kanel &#038; kardemummabullar"},"content":{"rendered":"<p>Eko \u00f6l\u00e4ndskt lantvete, eko dinkel siktat, eko mj\u00f6lk fr\u00e5n solmarkag\u00e5rd, eko sm\u00f6r, eko socker, eko nymalda kardemummak\u00e4rnor, eko ceylon kanel, oraffinerat havssalt, eko j\u00e4st<\/p>\n<p>Topping: P\u00e4rlsocker<\/p>\n","protected":false},"excerpt":{"rendered":"<p>Eko \u00f6l\u00e4ndskt lantvete, eko dinkel siktat, eko mj\u00f6lk fr\u00e5n solmarkag\u00e5rd, eko sm\u00f6r, eko socker, eko nymalda kardemummak\u00e4rnor, eko ceylon kanel, oraffinerat havssalt, eko j\u00e4st Topping: P\u00e4rlsocker<\/p>\n","protected":false},"featured_media":7385,"comment_status":"open","ping_status":"closed","template":"","meta":{"_uag_custom_page_level_css":"","site-sidebar-layout":"default","site-content-layout":"","ast-site-content-layout":"default","site-content-style":"default","site-sidebar-style":"default","ast-global-header-display":"","ast-banner-title-visibility":"","ast-main-header-display":"","ast-hfb-above-header-display":"","ast-hfb-below-header-display":"","ast-hfb-mobile-header-display":"","site-post-title":"","ast-breadcrumbs-content":"","ast-featured-img":"","footer-sml-layout":"","theme-transparent-header-meta":"default","adv-header-id-meta":"","stick-header-meta":"","header-above-stick-meta":"","header-main-stick-meta":"","header-below-stick-meta":"","astra-migrate-meta-layouts":"set"},"product_cat":[60],"product_tag":[],"class_list":{"0":"post-7153","1":"product","2":"type-product","3":"status-publish","4":"has-post-thumbnail","6":"product_cat-bullar","7":"desktop-align-left","8":"tablet-align-left","9":"mobile-align-left","11":"first","12":"instock","13":"taxable","14":"shipping-taxable","15":"purchasable","16":"product-type-simple"},"yoast_head":"<!-- This site is optimized with the Yoast SEO plugin v21.0 - https:\/\/yoast.com\/wordpress\/plugins\/seo\/ -->\n<title>3 stycken kanel &amp; kardemummabullar - Stenlunden Hantverksbageri<\/title>\n<meta name=\"robots\" content=\"index, follow, max-snippet:-1, max-image-preview:large, max-video-preview:-1\" \/>\n<link rel=\"canonical\" href=\"https:\/\/www.stenlunden.com\/?product=3-stycken-kanel-kardemummabullar\" \/>\n<meta property=\"og:locale\" content=\"sv_SE\" \/>\n<meta property=\"og:type\" content=\"article\" \/>\n<meta property=\"og:title\" content=\"3 stycken kanel &amp; kardemummabullar - Stenlunden Hantverksbageri\" \/>\n<meta property=\"og:description\" content=\"Eko \u00f6l\u00e4ndskt lantvete, eko dinkel siktat, eko mj\u00f6lk fr\u00e5n solmarkag\u00e5rd, eko sm\u00f6r, eko socker, eko nymalda kardemummak\u00e4rnor, eko ceylon kanel, oraffinerat havssalt, eko j\u00e4st Topping: P\u00e4rlsocker\" \/>\n<meta property=\"og:url\" content=\"https:\/\/www.stenlunden.com\/?product=3-stycken-kanel-kardemummabullar\" \/>\n<meta property=\"og:site_name\" content=\"Stenlunden Hantverksbageri\" \/>\n<meta property=\"article:modified_time\" content=\"2023-10-15T15:53:28+00:00\" \/>\n<meta property=\"og:image\" content=\"https:\/\/www.stenlunden.com\/wp-content\/uploads\/2023\/10\/20231015_162507-1-scaled-e1697385200328.jpg\" \/>\n\t<meta property=\"og:image:width\" content=\"1152\" \/>\n\t<meta property=\"og:image:height\" content=\"1194\" \/>\n\t<meta property=\"og:image:type\" content=\"image\/jpeg\" \/>\n<meta name=\"twitter:card\" content=\"summary_large_image\" \/>\n<meta name=\"twitter:label1\" content=\"Ber\u00e4knad l\u00e4stid\" \/>\n\t<meta name=\"twitter:data1\" content=\"1 minut\" \/>\n<script type=\"application\/ld+json\" class=\"yoast-schema-graph\">{\"@context\":\"https:\/\/schema.org\",\"@graph\":[{\"@type\":\"WebPage\",\"@id\":\"https:\/\/www.stenlunden.com\/?product=3-stycken-kanel-kardemummabullar\",\"url\":\"https:\/\/www.stenlunden.com\/?product=3-stycken-kanel-kardemummabullar\",\"name\":\"3 stycken kanel & kardemummabullar - Stenlunden Hantverksbageri\",\"isPartOf\":{\"@id\":\"https:\/\/www.stenlunden.com\/#website\"},\"datePublished\":\"2023-10-15T09:56:41+00:00\",\"dateModified\":\"2023-10-15T15:53:28+00:00\",\"breadcrumb\":{\"@id\":\"https:\/\/www.stenlunden.com\/?product=3-stycken-kanel-kardemummabullar#breadcrumb\"},\"inLanguage\":\"sv-SE\",\"potentialAction\":[{\"@type\":\"ReadAction\",\"target\":[\"https:\/\/www.stenlunden.com\/?product=3-stycken-kanel-kardemummabullar\"]}]},{\"@type\":\"BreadcrumbList\",\"@id\":\"https:\/\/www.stenlunden.com\/?product=3-stycken-kanel-kardemummabullar#breadcrumb\",\"itemListElement\":[{\"@type\":\"ListItem\",\"position\":1,\"name\":\"Produkter\",\"item\":\"https:\/\/www.stenlunden.com\/?post_type=product\"},{\"@type\":\"ListItem\",\"position\":2,\"name\":\"3 stycken kanel &#038; kardemummabullar\"}]},{\"@type\":\"WebSite\",\"@id\":\"https:\/\/www.stenlunden.com\/#website\",\"url\":\"https:\/\/www.stenlunden.com\/\",\"name\":\"Stenlunden Hantverksbageri\",\"description\":\"Hantverksbageri i Sm\u00e5land\",\"publisher\":{\"@id\":\"https:\/\/www.stenlunden.com\/#organization\"},\"potentialAction\":[{\"@type\":\"SearchAction\",\"target\":{\"@type\":\"EntryPoint\",\"urlTemplate\":\"https:\/\/www.stenlunden.com\/?s={search_term_string}\"},\"query-input\":\"required name=search_term_string\"}],\"inLanguage\":\"sv-SE\"},{\"@type\":\"Organization\",\"@id\":\"https:\/\/www.stenlunden.com\/#organization\",\"name\":\"Stenlunden Hantverksbageri\",\"url\":\"https:\/\/www.stenlunden.com\/\",\"logo\":{\"@type\":\"ImageObject\",\"inLanguage\":\"sv-SE\",\"@id\":\"https:\/\/www.stenlunden.com\/#\/schema\/logo\/image\/\",\"url\":\"https:\/\/www.stenlunden.com\/wp-content\/uploads\/2023\/10\/cropped-Logotyp.png\",\"contentUrl\":\"https:\/\/www.stenlunden.com\/wp-content\/uploads\/2023\/10\/cropped-Logotyp.png\",\"width\":563,\"height\":394,\"caption\":\"Stenlunden Hantverksbageri\"},\"image\":{\"@id\":\"https:\/\/www.stenlunden.com\/#\/schema\/logo\/image\/\"}}]}<\/script>\n<!-- \/ Yoast SEO plugin. -->","yoast_head_json":{"title":"3 stycken kanel & kardemummabullar - Stenlunden Hantverksbageri","robots":{"index":"index","follow":"follow","max-snippet":"max-snippet:-1","max-image-preview":"max-image-preview:large","max-video-preview":"max-video-preview:-1"},"canonical":"https:\/\/www.stenlunden.com\/?product=3-stycken-kanel-kardemummabullar","og_locale":"sv_SE","og_type":"article","og_title":"3 stycken kanel & kardemummabullar - Stenlunden Hantverksbageri","og_description":"Eko \u00f6l\u00e4ndskt lantvete, eko dinkel siktat, eko mj\u00f6lk fr\u00e5n solmarkag\u00e5rd, eko sm\u00f6r, eko socker, eko nymalda kardemummak\u00e4rnor, eko ceylon kanel, oraffinerat havssalt, eko j\u00e4st Topping: P\u00e4rlsocker","og_url":"https:\/\/www.stenlunden.com\/?product=3-stycken-kanel-kardemummabullar","og_site_name":"Stenlunden Hantverksbageri","article_modified_time":"2023-10-15T15:53:28+00:00","og_image":[{"width":1152,"height":1194,"url":"https:\/\/www.stenlunden.com\/wp-content\/uploads\/2023\/10\/20231015_162507-1-scaled-e1697385200328.jpg","type":"image\/jpeg"}],"twitter_card":"summary_large_image","twitter_misc":{"Ber\u00e4knad l\u00e4stid":"1 minut"},"schema":{"@context":"https:\/\/schema.org","@graph":[{"@type":"WebPage","@id":"https:\/\/www.stenlunden.com\/?product=3-stycken-kanel-kardemummabullar","url":"https:\/\/www.stenlunden.com\/?product=3-stycken-kanel-kardemummabullar","name":"3 stycken kanel & kardemummabullar - Stenlunden Hantverksbageri","isPartOf":{"@id":"https:\/\/www.stenlunden.com\/#website"},"datePublished":"2023-10-15T09:56:41+00:00","dateModified":"2023-10-15T15:53:28+00:00","breadcrumb":{"@id":"https:\/\/www.stenlunden.com\/?product=3-stycken-kanel-kardemummabullar#breadcrumb"},"inLanguage":"sv-SE","potentialAction":[{"@type":"ReadAction","target":["https:\/\/www.stenlunden.com\/?product=3-stycken-kanel-kardemummabullar"]}]},{"@type":"BreadcrumbList","@id":"https:\/\/www.stenlunden.com\/?product=3-stycken-kanel-kardemummabullar#breadcrumb","itemListElement":[{"@type":"ListItem","position":1,"name":"Produkter","item":"https:\/\/www.stenlunden.com\/?post_type=product"},{"@type":"ListItem","position":2,"name":"3 stycken kanel &#038; kardemummabullar"}]},{"@type":"WebSite","@id":"https:\/\/www.stenlunden.com\/#website","url":"https:\/\/www.stenlunden.com\/","name":"Stenlunden Hantverksbageri","description":"Hantverksbageri i Sm\u00e5land","publisher":{"@id":"https:\/\/www.stenlunden.com\/#organization"},"potentialAction":[{"@type":"SearchAction","target":{"@type":"EntryPoint","urlTemplate":"https:\/\/www.stenlunden.com\/?s={search_term_string}"},"query-input":"required name=search_term_string"}],"inLanguage":"sv-SE"},{"@type":"Organization","@id":"https:\/\/www.stenlunden.com\/#organization","name":"Stenlunden Hantverksbageri","url":"https:\/\/www.stenlunden.com\/","logo":{"@type":"ImageObject","inLanguage":"sv-SE","@id":"https:\/\/www.stenlunden.com\/#\/schema\/logo\/image\/","url":"https:\/\/www.stenlunden.com\/wp-content\/uploads\/2023\/10\/cropped-Logotyp.png","contentUrl":"https:\/\/www.stenlunden.com\/wp-content\/uploads\/2023\/10\/cropped-Logotyp.png","width":563,"height":394,"caption":"Stenlunden Hantverksbageri"},"image":{"@id":"https:\/\/www.stenlunden.com\/#\/schema\/logo\/image\/"}}]}},"uagb_featured_image_src":{"full":["https:\/\/www.stenlunden.com\/wp-content\/uploads\/2023\/10\/20231015_162507-1-scaled-e1697385200328.jpg",1152,1194,false],"thumbnail":["https:\/\/www.stenlunden.com\/wp-content\/uploads\/2023\/10\/20231015_162507-1-scaled-e1697385200328-150x150.jpg",150,150,true],"medium":["https:\/\/www.stenlunden.com\/wp-content\/uploads\/2023\/10\/20231015_162507-1-scaled-e1697385200328-289x300.jpg",289,300,true],"medium_large":["https:\/\/www.stenlunden.com\/wp-content\/uploads\/2023\/10\/20231015_162507-1-scaled-e1697385200328-768x796.jpg",768,796,true],"large":["https:\/\/www.stenlunden.com\/wp-content\/uploads\/2023\/10\/20231015_162507-1-scaled-e1697385200328-988x1024.jpg",988,1024,true],"1536x1536":["https:\/\/www.stenlunden.com\/wp-content\/uploads\/2023\/10\/20231015_162507-1-692x1536.jpg",692,1536,true],"2048x2048":["https:\/\/www.stenlunden.com\/wp-content\/uploads\/2023\/10\/20231015_162507-1-922x2048.jpg",922,2048,true],"woocommerce_thumbnail":["https:\/\/www.stenlunden.com\/wp-content\/uploads\/2023\/10\/20231015_162507-1-scaled-e1697385200328-300x300.jpg",300,300,true],"woocommerce_single":["https:\/\/www.stenlunden.com\/wp-content\/uploads\/2023\/10\/20231015_162507-1-scaled-e1697385200328-600x622.jpg",600,622,true],"woocommerce_gallery_thumbnail":["https:\/\/www.stenlunden.com\/wp-content\/uploads\/2023\/10\/20231015_162507-1-scaled-e1697385200328-100x100.jpg",100,100,true]},"uagb_author_info":{"display_name":"Caroline Davidsson","author_link":"https:\/\/www.stenlunden.com\/?author=0"},"uagb_comment_info":0,"uagb_excerpt":"Eko \u00f6l\u00e4ndskt lantvete, eko dinkel siktat, eko mj\u00f6lk fr\u00e5n solmarkag\u00e5rd, eko sm\u00f6r, eko socker, eko nymalda kardemummak\u00e4rnor, eko ceylon kanel, oraffinerat havssalt, eko j\u00e4st Topping: P\u00e4rlsocker","_links":{"self":[{"href":"https:\/\/www.stenlunden.com\/index.php?rest_route=\/wp\/v2\/product\/7153","targetHints":{"allow":["GET"]}}],"collection":[{"href":"https:\/\/www.stenlunden.com\/index.php?rest_route=\/wp\/v2\/product"}],"about":[{"href":"https:\/\/www.stenlunden.com\/index.php?rest_route=\/wp\/v2\/types\/product"}],"replies":[{"embeddable":true,"href":"https:\/\/www.stenlunden.com\/index.php?rest_route=%2Fwp%2Fv2%2Fcomments&post=7153"}],"version-history":[{"count":2,"href":"https:\/\/www.stenlunden.com\/index.php?rest_route=\/wp\/v2\/product\/7153\/revisions"}],"predecessor-version":[{"id":7407,"href":"https:\/\/www.stenlunden.com\/index.php?rest_route=\/wp\/v2\/product\/7153\/revisions\/7407"}],"wp:featuredmedia":[{"embeddable":true,"href":"https:\/\/www.stenlunden.com\/index.php?rest_route=\/wp\/v2\/media\/7385"}],"wp:attachment":[{"href":"https:\/\/www.stenlunden.com\/index.php?rest_route=%2Fwp%2Fv2%2Fmedia&parent=7153"}],"wp:term":[{"taxonomy":"product_cat","embeddable":true,"href":"https:\/\/www.stenlunden.com\/index.php?rest_route=%2Fwp%2Fv2%2Fproduct_cat&post=7153"},{"taxonomy":"product_tag","embeddable":true,"href":"https:\/\/www.stenlunden.com\/index.php?rest_route=%2Fwp%2Fv2%2Fproduct_tag&post=7153"}],"curies":[{"name":"wp","href":"https:\/\/api.w.org\/{rel}","templated":true}]}}