{"id":7954,"date":"2023-10-22T20:22:37","date_gmt":"2023-10-22T18:22:37","guid":{"rendered":"https:\/\/www.stenlunden.com\/?post_type=product&#038;p=7954"},"modified":"2023-10-22T20:39:20","modified_gmt":"2023-10-22T18:39:20","slug":"rybsolja-fran-jusso-ekogard-05l","status":"publish","type":"product","link":"https:\/\/www.stenlunden.com\/?product=rybsolja-fran-jusso-ekogard-05l","title":{"rendered":"Rybsolja fr\u00e5n Juss\u00f6 Ekog\u00e5rd, 0,5L"},"content":{"rendered":"<p>Rybs \u00e4r sl\u00e4kting till raps som \u00e4r rik p\u00e5 enkelom\u00e4ttat fett, omega 3, omega 6 och e-vitamin.<\/p>\n<p>Rybsen \u00e4r h\u00e4rdigare \u00e4n raps, vilket g\u00f6r den l\u00e4ttare att odla i de norra delarna av Sverige.<\/p>\n<p>Rybsoljan har en frisk, n\u00f6taktig smak och g\u00e5r att anv\u00e4nda precis som rapsolja, till bakning, stekning, dressing och matlagning.<\/p>\n<p>www.jusso.se<\/p>\n","protected":false},"excerpt":{"rendered":"<p>Rybs \u00e4r sl\u00e4kting till raps som \u00e4r rik p\u00e5 enkelom\u00e4ttat fett, omega 3, omega 6 och e-vitamin. Rybsen \u00e4r h\u00e4rdigare \u00e4n raps, vilket g\u00f6r den l\u00e4ttare att odla i de norra delarna av Sverige. Rybsoljan har en frisk, n\u00f6taktig smak och g\u00e5r att anv\u00e4nda precis som rapsolja, till bakning, stekning, dressing och matlagning. www.jusso.se<\/p>\n","protected":false},"featured_media":7923,"comment_status":"open","ping_status":"closed","template":"","meta":{"_uag_custom_page_level_css":"","site-sidebar-layout":"default","site-content-layout":"","ast-site-content-layout":"default","site-content-style":"default","site-sidebar-style":"default","ast-global-header-display":"","ast-banner-title-visibility":"","ast-main-header-display":"","ast-hfb-above-header-display":"","ast-hfb-below-header-display":"","ast-hfb-mobile-header-display":"","site-post-title":"","ast-breadcrumbs-content":"","ast-featured-img":"","footer-sml-layout":"","theme-transparent-header-meta":"default","adv-header-id-meta":"","stick-header-meta":"","header-above-stick-meta":"","header-main-stick-meta":"","header-below-stick-meta":"","astra-migrate-meta-layouts":"set"},"product_cat":[65],"product_tag":[],"class_list":{"0":"post-7954","1":"product","2":"type-product","3":"status-publish","4":"has-post-thumbnail","6":"product_cat-skafferi","7":"desktop-align-left","8":"tablet-align-left","9":"mobile-align-left","11":"first","12":"instock","13":"taxable","14":"shipping-taxable","15":"purchasable","16":"product-type-simple"},"yoast_head":"<!-- This site is optimized with the Yoast SEO plugin v21.0 - https:\/\/yoast.com\/wordpress\/plugins\/seo\/ -->\n<title>Rybsolja fr\u00e5n Juss\u00f6 Ekog\u00e5rd, 0,5L - Stenlunden Hantverksbageri<\/title>\n<meta name=\"robots\" content=\"index, follow, max-snippet:-1, max-image-preview:large, max-video-preview:-1\" \/>\n<link rel=\"canonical\" href=\"https:\/\/www.stenlunden.com\/?product=rybsolja-fran-jusso-ekogard-05l\" \/>\n<meta property=\"og:locale\" content=\"sv_SE\" \/>\n<meta property=\"og:type\" content=\"article\" \/>\n<meta property=\"og:title\" content=\"Rybsolja fr\u00e5n Juss\u00f6 Ekog\u00e5rd, 0,5L - Stenlunden Hantverksbageri\" \/>\n<meta property=\"og:description\" content=\"Rybs \u00e4r sl\u00e4kting till raps som \u00e4r rik p\u00e5 enkelom\u00e4ttat fett, omega 3, omega 6 och e-vitamin. Rybsen \u00e4r h\u00e4rdigare \u00e4n raps, vilket g\u00f6r den l\u00e4ttare att odla i de norra delarna av Sverige. Rybsoljan har en frisk, n\u00f6taktig smak och g\u00e5r att anv\u00e4nda precis som rapsolja, till bakning, stekning, dressing och matlagning. www.jusso.se\" \/>\n<meta property=\"og:url\" content=\"https:\/\/www.stenlunden.com\/?product=rybsolja-fran-jusso-ekogard-05l\" \/>\n<meta property=\"og:site_name\" content=\"Stenlunden Hantverksbageri\" \/>\n<meta property=\"article:modified_time\" content=\"2023-10-22T18:39:20+00:00\" \/>\n<meta property=\"og:image\" content=\"https:\/\/www.stenlunden.com\/wp-content\/uploads\/2023\/10\/20231022_180823-scaled.jpg\" \/>\n\t<meta property=\"og:image:width\" content=\"1574\" \/>\n\t<meta property=\"og:image:height\" content=\"2560\" \/>\n\t<meta property=\"og:image:type\" content=\"image\/jpeg\" \/>\n<meta name=\"twitter:card\" content=\"summary_large_image\" \/>\n<meta name=\"twitter:label1\" content=\"Ber\u00e4knad l\u00e4stid\" \/>\n\t<meta name=\"twitter:data1\" content=\"1 minut\" \/>\n<script type=\"application\/ld+json\" class=\"yoast-schema-graph\">{\"@context\":\"https:\/\/schema.org\",\"@graph\":[{\"@type\":\"WebPage\",\"@id\":\"https:\/\/www.stenlunden.com\/?product=rybsolja-fran-jusso-ekogard-05l\",\"url\":\"https:\/\/www.stenlunden.com\/?product=rybsolja-fran-jusso-ekogard-05l\",\"name\":\"Rybsolja fr\u00e5n Juss\u00f6 Ekog\u00e5rd, 0,5L - Stenlunden Hantverksbageri\",\"isPartOf\":{\"@id\":\"https:\/\/www.stenlunden.com\/#website\"},\"datePublished\":\"2023-10-22T18:22:37+00:00\",\"dateModified\":\"2023-10-22T18:39:20+00:00\",\"breadcrumb\":{\"@id\":\"https:\/\/www.stenlunden.com\/?product=rybsolja-fran-jusso-ekogard-05l#breadcrumb\"},\"inLanguage\":\"sv-SE\",\"potentialAction\":[{\"@type\":\"ReadAction\",\"target\":[\"https:\/\/www.stenlunden.com\/?product=rybsolja-fran-jusso-ekogard-05l\"]}]},{\"@type\":\"BreadcrumbList\",\"@id\":\"https:\/\/www.stenlunden.com\/?product=rybsolja-fran-jusso-ekogard-05l#breadcrumb\",\"itemListElement\":[{\"@type\":\"ListItem\",\"position\":1,\"name\":\"Produkter\",\"item\":\"https:\/\/www.stenlunden.com\/?post_type=product\"},{\"@type\":\"ListItem\",\"position\":2,\"name\":\"Rybsolja fr\u00e5n Juss\u00f6 Ekog\u00e5rd, 0,5L\"}]},{\"@type\":\"WebSite\",\"@id\":\"https:\/\/www.stenlunden.com\/#website\",\"url\":\"https:\/\/www.stenlunden.com\/\",\"name\":\"Stenlunden Hantverksbageri\",\"description\":\"Hantverksbageri i Sm\u00e5land\",\"publisher\":{\"@id\":\"https:\/\/www.stenlunden.com\/#organization\"},\"potentialAction\":[{\"@type\":\"SearchAction\",\"target\":{\"@type\":\"EntryPoint\",\"urlTemplate\":\"https:\/\/www.stenlunden.com\/?s={search_term_string}\"},\"query-input\":\"required name=search_term_string\"}],\"inLanguage\":\"sv-SE\"},{\"@type\":\"Organization\",\"@id\":\"https:\/\/www.stenlunden.com\/#organization\",\"name\":\"Stenlunden Hantverksbageri\",\"url\":\"https:\/\/www.stenlunden.com\/\",\"logo\":{\"@type\":\"ImageObject\",\"inLanguage\":\"sv-SE\",\"@id\":\"https:\/\/www.stenlunden.com\/#\/schema\/logo\/image\/\",\"url\":\"https:\/\/www.stenlunden.com\/wp-content\/uploads\/2023\/10\/cropped-Logotyp.png\",\"contentUrl\":\"https:\/\/www.stenlunden.com\/wp-content\/uploads\/2023\/10\/cropped-Logotyp.png\",\"width\":563,\"height\":394,\"caption\":\"Stenlunden Hantverksbageri\"},\"image\":{\"@id\":\"https:\/\/www.stenlunden.com\/#\/schema\/logo\/image\/\"}}]}<\/script>\n<!-- \/ Yoast SEO plugin. -->","yoast_head_json":{"title":"Rybsolja fr\u00e5n Juss\u00f6 Ekog\u00e5rd, 0,5L - Stenlunden Hantverksbageri","robots":{"index":"index","follow":"follow","max-snippet":"max-snippet:-1","max-image-preview":"max-image-preview:large","max-video-preview":"max-video-preview:-1"},"canonical":"https:\/\/www.stenlunden.com\/?product=rybsolja-fran-jusso-ekogard-05l","og_locale":"sv_SE","og_type":"article","og_title":"Rybsolja fr\u00e5n Juss\u00f6 Ekog\u00e5rd, 0,5L - Stenlunden Hantverksbageri","og_description":"Rybs \u00e4r sl\u00e4kting till raps som \u00e4r rik p\u00e5 enkelom\u00e4ttat fett, omega 3, omega 6 och e-vitamin. Rybsen \u00e4r h\u00e4rdigare \u00e4n raps, vilket g\u00f6r den l\u00e4ttare att odla i de norra delarna av Sverige. Rybsoljan har en frisk, n\u00f6taktig smak och g\u00e5r att anv\u00e4nda precis som rapsolja, till bakning, stekning, dressing och matlagning. www.jusso.se","og_url":"https:\/\/www.stenlunden.com\/?product=rybsolja-fran-jusso-ekogard-05l","og_site_name":"Stenlunden Hantverksbageri","article_modified_time":"2023-10-22T18:39:20+00:00","og_image":[{"width":1574,"height":2560,"url":"https:\/\/www.stenlunden.com\/wp-content\/uploads\/2023\/10\/20231022_180823-scaled.jpg","type":"image\/jpeg"}],"twitter_card":"summary_large_image","twitter_misc":{"Ber\u00e4knad l\u00e4stid":"1 minut"},"schema":{"@context":"https:\/\/schema.org","@graph":[{"@type":"WebPage","@id":"https:\/\/www.stenlunden.com\/?product=rybsolja-fran-jusso-ekogard-05l","url":"https:\/\/www.stenlunden.com\/?product=rybsolja-fran-jusso-ekogard-05l","name":"Rybsolja fr\u00e5n Juss\u00f6 Ekog\u00e5rd, 0,5L - Stenlunden Hantverksbageri","isPartOf":{"@id":"https:\/\/www.stenlunden.com\/#website"},"datePublished":"2023-10-22T18:22:37+00:00","dateModified":"2023-10-22T18:39:20+00:00","breadcrumb":{"@id":"https:\/\/www.stenlunden.com\/?product=rybsolja-fran-jusso-ekogard-05l#breadcrumb"},"inLanguage":"sv-SE","potentialAction":[{"@type":"ReadAction","target":["https:\/\/www.stenlunden.com\/?product=rybsolja-fran-jusso-ekogard-05l"]}]},{"@type":"BreadcrumbList","@id":"https:\/\/www.stenlunden.com\/?product=rybsolja-fran-jusso-ekogard-05l#breadcrumb","itemListElement":[{"@type":"ListItem","position":1,"name":"Produkter","item":"https:\/\/www.stenlunden.com\/?post_type=product"},{"@type":"ListItem","position":2,"name":"Rybsolja fr\u00e5n Juss\u00f6 Ekog\u00e5rd, 0,5L"}]},{"@type":"WebSite","@id":"https:\/\/www.stenlunden.com\/#website","url":"https:\/\/www.stenlunden.com\/","name":"Stenlunden Hantverksbageri","description":"Hantverksbageri i Sm\u00e5land","publisher":{"@id":"https:\/\/www.stenlunden.com\/#organization"},"potentialAction":[{"@type":"SearchAction","target":{"@type":"EntryPoint","urlTemplate":"https:\/\/www.stenlunden.com\/?s={search_term_string}"},"query-input":"required name=search_term_string"}],"inLanguage":"sv-SE"},{"@type":"Organization","@id":"https:\/\/www.stenlunden.com\/#organization","name":"Stenlunden Hantverksbageri","url":"https:\/\/www.stenlunden.com\/","logo":{"@type":"ImageObject","inLanguage":"sv-SE","@id":"https:\/\/www.stenlunden.com\/#\/schema\/logo\/image\/","url":"https:\/\/www.stenlunden.com\/wp-content\/uploads\/2023\/10\/cropped-Logotyp.png","contentUrl":"https:\/\/www.stenlunden.com\/wp-content\/uploads\/2023\/10\/cropped-Logotyp.png","width":563,"height":394,"caption":"Stenlunden Hantverksbageri"},"image":{"@id":"https:\/\/www.stenlunden.com\/#\/schema\/logo\/image\/"}}]}},"uagb_featured_image_src":{"full":["https:\/\/www.stenlunden.com\/wp-content\/uploads\/2023\/10\/20231022_180823-scaled.jpg",1574,2560,false],"thumbnail":["https:\/\/www.stenlunden.com\/wp-content\/uploads\/2023\/10\/20231022_180823-150x150.jpg",150,150,true],"medium":["https:\/\/www.stenlunden.com\/wp-content\/uploads\/2023\/10\/20231022_180823-184x300.jpg",184,300,true],"medium_large":["https:\/\/www.stenlunden.com\/wp-content\/uploads\/2023\/10\/20231022_180823-768x1249.jpg",768,1249,true],"large":["https:\/\/www.stenlunden.com\/wp-content\/uploads\/2023\/10\/20231022_180823-630x1024.jpg",630,1024,true],"1536x1536":["https:\/\/www.stenlunden.com\/wp-content\/uploads\/2023\/10\/20231022_180823-945x1536.jpg",945,1536,true],"2048x2048":["https:\/\/www.stenlunden.com\/wp-content\/uploads\/2023\/10\/20231022_180823-1259x2048.jpg",1259,2048,true],"woocommerce_thumbnail":["https:\/\/www.stenlunden.com\/wp-content\/uploads\/2023\/10\/20231022_180823-300x300.jpg",300,300,true],"woocommerce_single":["https:\/\/www.stenlunden.com\/wp-content\/uploads\/2023\/10\/20231022_180823-600x976.jpg",600,976,true],"woocommerce_gallery_thumbnail":["https:\/\/www.stenlunden.com\/wp-content\/uploads\/2023\/10\/20231022_180823-100x100.jpg",100,100,true]},"uagb_author_info":{"display_name":"Caroline Davidsson","author_link":"https:\/\/www.stenlunden.com\/?author=0"},"uagb_comment_info":0,"uagb_excerpt":"Rybs \u00e4r sl\u00e4kting till raps som \u00e4r rik p\u00e5 enkelom\u00e4ttat fett, omega 3, omega 6 och e-vitamin. Rybsen \u00e4r h\u00e4rdigare \u00e4n raps, vilket g\u00f6r den l\u00e4ttare att odla i de norra delarna av Sverige. Rybsoljan har en frisk, n\u00f6taktig smak och g\u00e5r att anv\u00e4nda precis som rapsolja, till bakning, stekning, dressing och matlagning. www.jusso.se","_links":{"self":[{"href":"https:\/\/www.stenlunden.com\/index.php?rest_route=\/wp\/v2\/product\/7954","targetHints":{"allow":["GET"]}}],"collection":[{"href":"https:\/\/www.stenlunden.com\/index.php?rest_route=\/wp\/v2\/product"}],"about":[{"href":"https:\/\/www.stenlunden.com\/index.php?rest_route=\/wp\/v2\/types\/product"}],"replies":[{"embeddable":true,"href":"https:\/\/www.stenlunden.com\/index.php?rest_route=%2Fwp%2Fv2%2Fcomments&post=7954"}],"version-history":[{"count":1,"href":"https:\/\/www.stenlunden.com\/index.php?rest_route=\/wp\/v2\/product\/7954\/revisions"}],"predecessor-version":[{"id":7955,"href":"https:\/\/www.stenlunden.com\/index.php?rest_route=\/wp\/v2\/product\/7954\/revisions\/7955"}],"wp:featuredmedia":[{"embeddable":true,"href":"https:\/\/www.stenlunden.com\/index.php?rest_route=\/wp\/v2\/media\/7923"}],"wp:attachment":[{"href":"https:\/\/www.stenlunden.com\/index.php?rest_route=%2Fwp%2Fv2%2Fmedia&parent=7954"}],"wp:term":[{"taxonomy":"product_cat","embeddable":true,"href":"https:\/\/www.stenlunden.com\/index.php?rest_route=%2Fwp%2Fv2%2Fproduct_cat&post=7954"},{"taxonomy":"product_tag","embeddable":true,"href":"https:\/\/www.stenlunden.com\/index.php?rest_route=%2Fwp%2Fv2%2Fproduct_tag&post=7954"}],"curies":[{"name":"wp","href":"https:\/\/api.w.org\/{rel}","templated":true}]}}