{"id":7971,"date":"2023-10-22T20:55:01","date_gmt":"2023-10-22T18:55:01","guid":{"rendered":"https:\/\/www.stenlunden.com\/?post_type=product&#038;p=7971"},"modified":"2023-10-22T20:55:01","modified_gmt":"2023-10-22T18:55:01","slug":"havtornsglogg-500ml","status":"publish","type":"product","link":"https:\/\/www.stenlunden.com\/?product=havtornsglogg-500ml","title":{"rendered":"Havtornsgl\u00f6gg, 500ml"},"content":{"rendered":"<p>Inneh\u00e5ller: Kallpressad r\u00e5juice av havtorn, eko r\u00f6rsocker, kanel, kardemumma, pomm\u00e9ranskal, kryddnejlika, citruspektin.<\/p>\n<p>Blanda g\u00e4rna ut med n\u00e5gra dl vatten, blir f\u00f6r s\u00f6tt annars.<\/p>\n<p>Fruktig gl\u00f6gg med h\u00e4rlig kryddsmak, gott att v\u00e4rma, god b\u00e5de varm och kall, s\u00e5s till desserter m.m. sp\u00e4da med alkohol efter tycke och smak.<\/p>\n","protected":false},"excerpt":{"rendered":"<p>Inneh\u00e5ller: Kallpressad r\u00e5juice av havtorn, eko r\u00f6rsocker, kanel, kardemumma, pomm\u00e9ranskal, kryddnejlika, citruspektin. Blanda g\u00e4rna ut med n\u00e5gra dl vatten, blir f\u00f6r s\u00f6tt annars. Fruktig gl\u00f6gg med h\u00e4rlig kryddsmak, gott att v\u00e4rma, god b\u00e5de varm och kall, s\u00e5s till desserter m.m. sp\u00e4da med alkohol efter tycke och smak.<\/p>\n","protected":false},"featured_media":7930,"comment_status":"open","ping_status":"closed","template":"","meta":{"_uag_custom_page_level_css":"","site-sidebar-layout":"default","site-content-layout":"","ast-site-content-layout":"default","site-content-style":"default","site-sidebar-style":"default","ast-global-header-display":"","ast-banner-title-visibility":"","ast-main-header-display":"","ast-hfb-above-header-display":"","ast-hfb-below-header-display":"","ast-hfb-mobile-header-display":"","site-post-title":"","ast-breadcrumbs-content":"","ast-featured-img":"","footer-sml-layout":"","theme-transparent-header-meta":"default","adv-header-id-meta":"","stick-header-meta":"","header-above-stick-meta":"","header-main-stick-meta":"","header-below-stick-meta":"","astra-migrate-meta-layouts":"set"},"product_cat":[72,65],"product_tag":[],"class_list":{"0":"post-7971","1":"product","2":"type-product","3":"status-publish","4":"has-post-thumbnail","6":"product_cat-dryck","7":"product_cat-skafferi","8":"desktop-align-left","9":"tablet-align-left","10":"mobile-align-left","12":"first","13":"instock","14":"taxable","15":"shipping-taxable","16":"purchasable","17":"product-type-simple"},"yoast_head":"<!-- This site is optimized with the Yoast SEO plugin v21.0 - https:\/\/yoast.com\/wordpress\/plugins\/seo\/ -->\n<title>Havtornsgl\u00f6gg, 500ml - Stenlunden Hantverksbageri<\/title>\n<meta name=\"robots\" content=\"index, follow, max-snippet:-1, max-image-preview:large, max-video-preview:-1\" \/>\n<link rel=\"canonical\" href=\"https:\/\/www.stenlunden.com\/?product=havtornsglogg-500ml\" \/>\n<meta property=\"og:locale\" content=\"sv_SE\" \/>\n<meta property=\"og:type\" content=\"article\" \/>\n<meta property=\"og:title\" content=\"Havtornsgl\u00f6gg, 500ml - Stenlunden Hantverksbageri\" \/>\n<meta property=\"og:description\" content=\"Inneh\u00e5ller: Kallpressad r\u00e5juice av havtorn, eko r\u00f6rsocker, kanel, kardemumma, pomm\u00e9ranskal, kryddnejlika, citruspektin. Blanda g\u00e4rna ut med n\u00e5gra dl vatten, blir f\u00f6r s\u00f6tt annars. Fruktig gl\u00f6gg med h\u00e4rlig kryddsmak, gott att v\u00e4rma, god b\u00e5de varm och kall, s\u00e5s till desserter m.m. sp\u00e4da med alkohol efter tycke och smak.\" \/>\n<meta property=\"og:url\" content=\"https:\/\/www.stenlunden.com\/?product=havtornsglogg-500ml\" \/>\n<meta property=\"og:site_name\" content=\"Stenlunden Hantverksbageri\" \/>\n<meta property=\"og:image\" content=\"https:\/\/www.stenlunden.com\/wp-content\/uploads\/2023\/10\/20231022_180424-scaled-e1698000576549.jpg\" \/>\n\t<meta property=\"og:image:width\" content=\"1152\" \/>\n\t<meta property=\"og:image:height\" content=\"1868\" \/>\n\t<meta property=\"og:image:type\" content=\"image\/jpeg\" \/>\n<meta name=\"twitter:card\" content=\"summary_large_image\" \/>\n<meta name=\"twitter:label1\" content=\"Ber\u00e4knad l\u00e4stid\" \/>\n\t<meta name=\"twitter:data1\" content=\"1 minut\" \/>\n<script type=\"application\/ld+json\" class=\"yoast-schema-graph\">{\"@context\":\"https:\/\/schema.org\",\"@graph\":[{\"@type\":\"WebPage\",\"@id\":\"https:\/\/www.stenlunden.com\/?product=havtornsglogg-500ml\",\"url\":\"https:\/\/www.stenlunden.com\/?product=havtornsglogg-500ml\",\"name\":\"Havtornsgl\u00f6gg, 500ml - Stenlunden Hantverksbageri\",\"isPartOf\":{\"@id\":\"https:\/\/www.stenlunden.com\/#website\"},\"datePublished\":\"2023-10-22T18:55:01+00:00\",\"dateModified\":\"2023-10-22T18:55:01+00:00\",\"breadcrumb\":{\"@id\":\"https:\/\/www.stenlunden.com\/?product=havtornsglogg-500ml#breadcrumb\"},\"inLanguage\":\"sv-SE\",\"potentialAction\":[{\"@type\":\"ReadAction\",\"target\":[\"https:\/\/www.stenlunden.com\/?product=havtornsglogg-500ml\"]}]},{\"@type\":\"BreadcrumbList\",\"@id\":\"https:\/\/www.stenlunden.com\/?product=havtornsglogg-500ml#breadcrumb\",\"itemListElement\":[{\"@type\":\"ListItem\",\"position\":1,\"name\":\"Produkter\",\"item\":\"https:\/\/www.stenlunden.com\/?post_type=product\"},{\"@type\":\"ListItem\",\"position\":2,\"name\":\"Havtornsgl\u00f6gg, 500ml\"}]},{\"@type\":\"WebSite\",\"@id\":\"https:\/\/www.stenlunden.com\/#website\",\"url\":\"https:\/\/www.stenlunden.com\/\",\"name\":\"Stenlunden Hantverksbageri\",\"description\":\"Hantverksbageri i Sm\u00e5land\",\"publisher\":{\"@id\":\"https:\/\/www.stenlunden.com\/#organization\"},\"potentialAction\":[{\"@type\":\"SearchAction\",\"target\":{\"@type\":\"EntryPoint\",\"urlTemplate\":\"https:\/\/www.stenlunden.com\/?s={search_term_string}\"},\"query-input\":\"required name=search_term_string\"}],\"inLanguage\":\"sv-SE\"},{\"@type\":\"Organization\",\"@id\":\"https:\/\/www.stenlunden.com\/#organization\",\"name\":\"Stenlunden Hantverksbageri\",\"url\":\"https:\/\/www.stenlunden.com\/\",\"logo\":{\"@type\":\"ImageObject\",\"inLanguage\":\"sv-SE\",\"@id\":\"https:\/\/www.stenlunden.com\/#\/schema\/logo\/image\/\",\"url\":\"https:\/\/www.stenlunden.com\/wp-content\/uploads\/2023\/10\/cropped-Logotyp.png\",\"contentUrl\":\"https:\/\/www.stenlunden.com\/wp-content\/uploads\/2023\/10\/cropped-Logotyp.png\",\"width\":563,\"height\":394,\"caption\":\"Stenlunden Hantverksbageri\"},\"image\":{\"@id\":\"https:\/\/www.stenlunden.com\/#\/schema\/logo\/image\/\"}}]}<\/script>\n<!-- \/ Yoast SEO plugin. -->","yoast_head_json":{"title":"Havtornsgl\u00f6gg, 500ml - Stenlunden Hantverksbageri","robots":{"index":"index","follow":"follow","max-snippet":"max-snippet:-1","max-image-preview":"max-image-preview:large","max-video-preview":"max-video-preview:-1"},"canonical":"https:\/\/www.stenlunden.com\/?product=havtornsglogg-500ml","og_locale":"sv_SE","og_type":"article","og_title":"Havtornsgl\u00f6gg, 500ml - Stenlunden Hantverksbageri","og_description":"Inneh\u00e5ller: Kallpressad r\u00e5juice av havtorn, eko r\u00f6rsocker, kanel, kardemumma, pomm\u00e9ranskal, kryddnejlika, citruspektin. Blanda g\u00e4rna ut med n\u00e5gra dl vatten, blir f\u00f6r s\u00f6tt annars. Fruktig gl\u00f6gg med h\u00e4rlig kryddsmak, gott att v\u00e4rma, god b\u00e5de varm och kall, s\u00e5s till desserter m.m. sp\u00e4da med alkohol efter tycke och smak.","og_url":"https:\/\/www.stenlunden.com\/?product=havtornsglogg-500ml","og_site_name":"Stenlunden Hantverksbageri","og_image":[{"width":1152,"height":1868,"url":"https:\/\/www.stenlunden.com\/wp-content\/uploads\/2023\/10\/20231022_180424-scaled-e1698000576549.jpg","type":"image\/jpeg"}],"twitter_card":"summary_large_image","twitter_misc":{"Ber\u00e4knad l\u00e4stid":"1 minut"},"schema":{"@context":"https:\/\/schema.org","@graph":[{"@type":"WebPage","@id":"https:\/\/www.stenlunden.com\/?product=havtornsglogg-500ml","url":"https:\/\/www.stenlunden.com\/?product=havtornsglogg-500ml","name":"Havtornsgl\u00f6gg, 500ml - Stenlunden Hantverksbageri","isPartOf":{"@id":"https:\/\/www.stenlunden.com\/#website"},"datePublished":"2023-10-22T18:55:01+00:00","dateModified":"2023-10-22T18:55:01+00:00","breadcrumb":{"@id":"https:\/\/www.stenlunden.com\/?product=havtornsglogg-500ml#breadcrumb"},"inLanguage":"sv-SE","potentialAction":[{"@type":"ReadAction","target":["https:\/\/www.stenlunden.com\/?product=havtornsglogg-500ml"]}]},{"@type":"BreadcrumbList","@id":"https:\/\/www.stenlunden.com\/?product=havtornsglogg-500ml#breadcrumb","itemListElement":[{"@type":"ListItem","position":1,"name":"Produkter","item":"https:\/\/www.stenlunden.com\/?post_type=product"},{"@type":"ListItem","position":2,"name":"Havtornsgl\u00f6gg, 500ml"}]},{"@type":"WebSite","@id":"https:\/\/www.stenlunden.com\/#website","url":"https:\/\/www.stenlunden.com\/","name":"Stenlunden Hantverksbageri","description":"Hantverksbageri i Sm\u00e5land","publisher":{"@id":"https:\/\/www.stenlunden.com\/#organization"},"potentialAction":[{"@type":"SearchAction","target":{"@type":"EntryPoint","urlTemplate":"https:\/\/www.stenlunden.com\/?s={search_term_string}"},"query-input":"required name=search_term_string"}],"inLanguage":"sv-SE"},{"@type":"Organization","@id":"https:\/\/www.stenlunden.com\/#organization","name":"Stenlunden Hantverksbageri","url":"https:\/\/www.stenlunden.com\/","logo":{"@type":"ImageObject","inLanguage":"sv-SE","@id":"https:\/\/www.stenlunden.com\/#\/schema\/logo\/image\/","url":"https:\/\/www.stenlunden.com\/wp-content\/uploads\/2023\/10\/cropped-Logotyp.png","contentUrl":"https:\/\/www.stenlunden.com\/wp-content\/uploads\/2023\/10\/cropped-Logotyp.png","width":563,"height":394,"caption":"Stenlunden Hantverksbageri"},"image":{"@id":"https:\/\/www.stenlunden.com\/#\/schema\/logo\/image\/"}}]}},"uagb_featured_image_src":{"full":["https:\/\/www.stenlunden.com\/wp-content\/uploads\/2023\/10\/20231022_180424-scaled-e1698000576549.jpg",1152,1868,false],"thumbnail":["https:\/\/www.stenlunden.com\/wp-content\/uploads\/2023\/10\/20231022_180424-scaled-e1698000576549-150x150.jpg",150,150,true],"medium":["https:\/\/www.stenlunden.com\/wp-content\/uploads\/2023\/10\/20231022_180424-scaled-e1698000576549-185x300.jpg",185,300,true],"medium_large":["https:\/\/www.stenlunden.com\/wp-content\/uploads\/2023\/10\/20231022_180424-scaled-e1698000576549-768x1245.jpg",768,1245,true],"large":["https:\/\/www.stenlunden.com\/wp-content\/uploads\/2023\/10\/20231022_180424-scaled-e1698000576549-632x1024.jpg",632,1024,true],"1536x1536":["https:\/\/www.stenlunden.com\/wp-content\/uploads\/2023\/10\/20231022_180424-scaled-e1698000576549-947x1536.jpg",947,1536,true],"2048x2048":["https:\/\/www.stenlunden.com\/wp-content\/uploads\/2023\/10\/20231022_180424-922x2048.jpg",922,2048,true],"woocommerce_thumbnail":["https:\/\/www.stenlunden.com\/wp-content\/uploads\/2023\/10\/20231022_180424-scaled-e1698000576549-300x300.jpg",300,300,true],"woocommerce_single":["https:\/\/www.stenlunden.com\/wp-content\/uploads\/2023\/10\/20231022_180424-scaled-e1698000576549-600x973.jpg",600,973,true],"woocommerce_gallery_thumbnail":["https:\/\/www.stenlunden.com\/wp-content\/uploads\/2023\/10\/20231022_180424-scaled-e1698000576549-100x100.jpg",100,100,true]},"uagb_author_info":{"display_name":"Caroline Davidsson","author_link":"https:\/\/www.stenlunden.com\/?author=0"},"uagb_comment_info":1,"uagb_excerpt":"Inneh\u00e5ller: Kallpressad r\u00e5juice av havtorn, eko r\u00f6rsocker, kanel, kardemumma, pomm\u00e9ranskal, kryddnejlika, citruspektin. Blanda g\u00e4rna ut med n\u00e5gra dl vatten, blir f\u00f6r s\u00f6tt annars. Fruktig gl\u00f6gg med h\u00e4rlig kryddsmak, gott att v\u00e4rma, god b\u00e5de varm och kall, s\u00e5s till desserter m.m. sp\u00e4da med alkohol efter tycke och smak.","_links":{"self":[{"href":"https:\/\/www.stenlunden.com\/index.php?rest_route=\/wp\/v2\/product\/7971","targetHints":{"allow":["GET"]}}],"collection":[{"href":"https:\/\/www.stenlunden.com\/index.php?rest_route=\/wp\/v2\/product"}],"about":[{"href":"https:\/\/www.stenlunden.com\/index.php?rest_route=\/wp\/v2\/types\/product"}],"replies":[{"embeddable":true,"href":"https:\/\/www.stenlunden.com\/index.php?rest_route=%2Fwp%2Fv2%2Fcomments&post=7971"}],"version-history":[{"count":1,"href":"https:\/\/www.stenlunden.com\/index.php?rest_route=\/wp\/v2\/product\/7971\/revisions"}],"predecessor-version":[{"id":7972,"href":"https:\/\/www.stenlunden.com\/index.php?rest_route=\/wp\/v2\/product\/7971\/revisions\/7972"}],"wp:featuredmedia":[{"embeddable":true,"href":"https:\/\/www.stenlunden.com\/index.php?rest_route=\/wp\/v2\/media\/7930"}],"wp:attachment":[{"href":"https:\/\/www.stenlunden.com\/index.php?rest_route=%2Fwp%2Fv2%2Fmedia&parent=7971"}],"wp:term":[{"taxonomy":"product_cat","embeddable":true,"href":"https:\/\/www.stenlunden.com\/index.php?rest_route=%2Fwp%2Fv2%2Fproduct_cat&post=7971"},{"taxonomy":"product_tag","embeddable":true,"href":"https:\/\/www.stenlunden.com\/index.php?rest_route=%2Fwp%2Fv2%2Fproduct_tag&post=7971"}],"curies":[{"name":"wp","href":"https:\/\/api.w.org\/{rel}","templated":true}]}}